{"id":1724,"date":"2024-10-20T13:08:13","date_gmt":"2024-10-20T13:08:13","guid":{"rendered":"https:\/\/hotelinspiration.com\/?page_id=1724"},"modified":"2024-10-20T13:10:10","modified_gmt":"2024-10-20T13:10:10","slug":"impressum","status":"publish","type":"page","link":"https:\/\/hotelinspiration.com\/?page_id=1724","title":{"rendered":"Impressum"},"content":{"rendered":"<p>[et_pb_section fb_built=&#8221;1&#8243; _builder_version=&#8221;4.25.0&#8243; _module_preset=&#8221;default&#8221; background_image=&#8221;https:\/\/hotelinspiration.com\/wp-content\/uploads\/2024\/10\/DSC5325.jpg&#8221; global_colors_info=&#8221;{}&#8221; theme_builder_area=&#8221;post_content&#8221;][et_pb_row _builder_version=&#8221;4.25.0&#8243; _module_preset=&#8221;default&#8221; global_colors_info=&#8221;{}&#8221; theme_builder_area=&#8221;post_content&#8221;][et_pb_column type=&#8221;4_4&#8243; _builder_version=&#8221;4.25.0&#8243; _module_preset=&#8221;default&#8221; global_colors_info=&#8221;{}&#8221; theme_builder_area=&#8221;post_content&#8221;][et_pb_image src=&#8221;https:\/\/hotelinspiration.com\/wp-content\/uploads\/2024\/10\/logo-transparent-N.png&#8221; title_text=&#8221;logo-transparent N&#8221; align=&#8221;center&#8221; _builder_version=&#8221;4.25.0&#8243; _module_preset=&#8221;default&#8221; global_colors_info=&#8221;{}&#8221; theme_builder_area=&#8221;post_content&#8221;][\/et_pb_image][\/et_pb_column][\/et_pb_row][\/et_pb_section][et_pb_section fb_built=&#8221;1&#8243; fullwidth=&#8221;on&#8221; _builder_version=&#8221;4.25.0&#8243; _module_preset=&#8221;default&#8221; global_colors_info=&#8221;{}&#8221; theme_builder_area=&#8221;post_content&#8221;][et_pb_fullwidth_header title=&#8221;Impressum&#8221; button_one_url=&#8221;#quick&#8221; _builder_version=&#8221;4.25.0&#8243; _module_preset=&#8221;default&#8221; title_text_color=&#8221;#F0B800&#8243; title_font_size=&#8221;100px&#8221; background_image=&#8221;https:\/\/hotelinspiration.com\/wp-content\/uploads\/2024\/09\/DSC5314.jpg&#8221; parallax=&#8221;on&#8221; hover_enabled=&#8221;0&#8243; title_text_shadow_style=&#8221;preset2&#8243; global_colors_info=&#8221;{}&#8221; theme_builder_area=&#8221;post_content&#8221; text_orientation=&#8221;center&#8221; sticky_enabled=&#8221;0&#8243;][\/et_pb_fullwidth_header][\/et_pb_section][et_pb_section fb_built=&#8221;1&#8243; _builder_version=&#8221;4.25.0&#8243; _module_preset=&#8221;default&#8221; background_color=&#8221;#DFB758&#8243; background_enable_image=&#8221;off&#8221; global_colors_info=&#8221;{}&#8221; theme_builder_area=&#8221;post_content&#8221;][et_pb_row _builder_version=&#8221;4.25.0&#8243; _module_preset=&#8221;default&#8221; global_colors_info=&#8221;{}&#8221; theme_builder_area=&#8221;post_content&#8221;][et_pb_column type=&#8221;4_4&#8243; _builder_version=&#8221;4.25.0&#8243; _module_preset=&#8221;default&#8221; background_color=&#8221;#FFFFFF&#8221; global_colors_info=&#8221;{}&#8221; theme_builder_area=&#8221;post_content&#8221;][et_pb_text _builder_version=&#8221;4.25.0&#8243; _module_preset=&#8221;default&#8221; hover_enabled=&#8221;0&#8243; global_colors_info=&#8221;{}&#8221; theme_builder_area=&#8221;post_content&#8221; sticky_enabled=&#8221;0&#8243;]<\/p>\n<p>&nbsp;<\/p>\n<table width=\"100%\">\n<tbody>\n<tr>\n<td><strong>Impressum<\/strong><\/td>\n<\/tr>\n<tr>\n<td width=\"532\">\n<table width=\"654\">\n<tbody>\n<tr>\n<td width=\"307\">\n<p><strong>HOTEL INSPIRATION<br \/><\/strong>Inhaber: Kehrt Chestnut e. K.<br \/>Mayerhofen 9<br \/>D-84529 Tittmoning<\/p>\n<p><strong>Tel:<\/strong> (0049) 0 86 83 &#8211; 89 122-0<br \/><strong>Fax:<\/strong> (0049) 0 86 83 &#8211; 89 122-150<br \/><strong>E-Mail:<\/strong> <a href=\"mailto:info@hotel-inspiration.de\">info@hotel-inspiration.de<\/a><\/p>\n<p><a href=\"https:\/\/www.hotel-inspiration.de\/\">www.hotel-Inspiration.de<\/a><br \/><a href=\"http:\/\/www.hotelinspiration.de\/\">www.hotelinspiration.de<\/a><br \/><a href=\"http:\/\/www.hotel-inspiration.eu\/\">www.hotel-Inspiration.eu<\/a><br \/><a href=\"http:\/\/www.hotelinspiration.eu\/\">www.hotelinspiration.eu<\/a><br \/><a href=\"http:\/\/www.hotel-inspiration.com\/\">www.hotel-Inspiration.com<\/a><br \/><a href=\"http:\/\/www.hotelinspiration.com\/\">www.hotelinspiration.com<\/a><br \/><a href=\"https:\/\/www.hotel-inspiration.de\/\">www.hotel-Inspiration.at<\/a><br \/><a href=\"http:\/\/www.hotelinspiration.at\/\">www.hotelinspiration.at<\/a><\/p>\n<p><strong>Verantwortlich f\u00fcr den Inhalt<br \/><\/strong>Kehrt Chestnut<\/p>\n<p><strong>Ust-ID:<\/strong> DE 815476048<br \/><strong>Sitz des Unternehmens:<\/strong> Tittmoning<br \/><strong>Gerichtsstand:<\/strong> D-83278 Traunstein<br \/>Amtsgericht Traunstein HRA 11440<\/p>\n<p><strong>Datenschutz<br \/><\/strong><a href=\"https:\/\/www.hotel-inspiration.de\/de\/kontakt\/datenschutz.php\">Zur Datenschutzerkl\u00e4rung<\/a><\/p>\n<\/td>\n<td width=\"40\"><\/td>\n<td width=\"307\">\n<p><strong>Urheberrechte<\/strong><br \/>Der Inhalt dieser Website ist urheberrechtlich gesch\u00fctzt. Die Bereitstellung von Inhalten und Bildmaterial dieser Website auf anderen Websites ist nur mit ausdr\u00fccklicher Genehmigung der Redaktion gestattet. Die auf dieser Website enthaltenen Angaben werden nach bestem Wissen erstellt und mit gro\u00dfer Sorgfalt auf ihre Richtigkeit \u00fcberpr\u00fcft.<\/p>\n<p>Trotzdem sind inhaltliche und sachliche Fehler nicht vollst\u00e4ndig auszuschlie\u00dfen. HOTEL-INSPIRATION.DE \u00fcbernimmt keinerlei Garantie und Haftung f\u00fcr die Richtigkeit, Aktualit\u00e4t und Vollst\u00e4ndigkeit der bereitgestellten Informationen. Alle Angaben sind ohne Gew\u00e4hr. Dies gilt auch f\u00fcr alle Links zu anderen URLs, die auf unserer Website genannt werden.<\/p>\n<p><strong>Bildnachweis<\/strong><br \/>Medienservice ProGenuss<br \/>G\u00fcnter Standl <a href=\"http:\/\/www.pro-genuss.de\/Standl\">www.pro-genuss.de\/Standl<\/a><\/p>\n<p><strong>Ein Dankesch\u00f6n an die Bildarchive:<br \/><\/strong>Berchtesgadener Land Tourismus GmbH<br \/>Burghauser Touristik GmbH<br \/>Mammut-Museum Siegsdorf<br \/>Ruhpolding Tourismus GmbH<br \/>Stadt Traunstein<br \/>Stadtwerke Burghausen<br \/>Tourismusverband Oberndorf<br \/>Wallfahrts- und Verkehrsb\u00fcro Alt\u00f6tting<br \/>Watzmann Therme Berchtesgaden<br \/>Wellnessgarten Waging am See<br \/><strong>f\u00fcr die freundliche Unterst\u00fctzung.<\/strong><\/p>\n<p>Online-Streitbeilegung gem\u00e4\u00df Art. 14 Abs. 1 ODR-VO:<br \/>Die Europ\u00e4ische Kommission stellt eine Plattform zur Online-Streitbeilegung (OS) bereit, die Sie unter <a href=\"http:\/\/ec.europa.eu\/consumers\/odr\/\">http:\/\/ec.europa.eu\/consumers\/odr\/<\/a> finden.<\/p>\n<p><strong>\u00a0<\/strong><\/p>\n<p><strong>Haftung f\u00fcr Links<br \/><\/strong>Trotz sorgf\u00e4ltiger inhaltlicher Kontrolle \u00fcbernehmen wir keine Haftung f\u00fcr die Inhalte externer Links. F\u00fcr den Inhalt der verlinkten Seiten sind ausschlie\u00dflich deren Betreiber verantwortlich.<\/p>\n<p><a href=\"http:\/\/www.disclaimer.de\/disclaimer.htm\">Haftungsausschluss | Disclaimer<\/a><\/p>\n<\/td>\n<\/tr>\n<\/tbody>\n<\/table>\n<\/td>\n<\/tr>\n<\/tbody>\n<\/table>\n<p>[\/et_pb_text][\/et_pb_column][\/et_pb_row][\/et_pb_section][et_pb_section fb_built=&#8221;1&#8243; specialty=&#8221;on&#8221; _builder_version=&#8221;4.25.0&#8243; _module_preset=&#8221;default&#8221; background_image=&#8221;https:\/\/hotelinspiration.com\/wp-content\/uploads\/2024\/10\/Von-Herzen-Wilkommen.jpg&#8221; parallax=&#8221;on&#8221; global_colors_info=&#8221;{}&#8221; theme_builder_area=&#8221;post_content&#8221;][et_pb_column type=&#8221;1_4&#8243; _builder_version=&#8221;4.16&#8243; custom_padding=&#8221;|||&#8221; global_colors_info=&#8221;{}&#8221; custom_padding__hover=&#8221;|||&#8221; theme_builder_area=&#8221;post_content&#8221;][et_pb_image src=&#8221;https:\/\/hotelinspiration.com\/wp-content\/uploads\/2024\/10\/Hotel-Insp-Logo-tan-background.jpg&#8221; title_text=&#8221;Hotel Insp Logo tan background&#8221; _builder_version=&#8221;4.25.0&#8243; _module_preset=&#8221;default&#8221; box_shadow_style=&#8221;preset6&#8243; box_shadow_color=&#8221;#E09900&#8243; global_colors_info=&#8221;{}&#8221; theme_builder_area=&#8221;post_content&#8221;][\/et_pb_image][\/et_pb_column][et_pb_column type=&#8221;1_2&#8243; specialty_columns=&#8221;2&#8243; _builder_version=&#8221;4.16&#8243; custom_padding=&#8221;|||&#8221; global_colors_info=&#8221;{}&#8221; custom_padding__hover=&#8221;|||&#8221; theme_builder_area=&#8221;post_content&#8221;][et_pb_row_inner _builder_version=&#8221;4.25.0&#8243; _module_preset=&#8221;default&#8221; global_colors_info=&#8221;{}&#8221; theme_builder_area=&#8221;post_content&#8221;][et_pb_column_inner saved_specialty_column_type=&#8221;1_2&#8243; _builder_version=&#8221;4.25.0&#8243; _module_preset=&#8221;default&#8221; global_colors_info=&#8221;{}&#8221; theme_builder_area=&#8221;post_content&#8221;][et_pb_image src=&#8221;https:\/\/hotelinspiration.com\/wp-content\/uploads\/2024\/05\/Kert-Glaudia_HotelInspiration.jpg&#8221; title_text=&#8221;Kert-Glaudia_HotelInspiration&#8221; align=&#8221;center&#8221; _builder_version=&#8221;4.25.0&#8243; _module_preset=&#8221;default&#8221; global_colors_info=&#8221;{}&#8221; theme_builder_area=&#8221;post_content&#8221;][\/et_pb_image][et_pb_image src=&#8221;https:\/\/hotelinspiration.com\/wp-content\/uploads\/2024\/10\/Von-Herzen-Wilkommen.jpg&#8221; title_text=&#8221;Von Herzen Wilkommen&#8221; align=&#8221;center&#8221; _builder_version=&#8221;4.25.0&#8243; _module_preset=&#8221;default&#8221; global_colors_info=&#8221;{}&#8221; theme_builder_area=&#8221;post_content&#8221;][\/et_pb_image][\/et_pb_column_inner][\/et_pb_row_inner][et_pb_row_inner column_structure=&#8221;1_3,1_3,1_3&#8243; _builder_version=&#8221;4.25.0&#8243; _module_preset=&#8221;default&#8221; global_colors_info=&#8221;{}&#8221; theme_builder_area=&#8221;post_content&#8221;][et_pb_column_inner type=&#8221;1_3&#8243; saved_specialty_column_type=&#8221;1_2&#8243; _builder_version=&#8221;4.25.0&#8243; _module_preset=&#8221;default&#8221; global_colors_info=&#8221;{}&#8221; theme_builder_area=&#8221;post_content&#8221;][et_pb_blurb title=&#8221;Design Zimmer&#8221; url=&#8221;https:\/\/hotelinspiration.com\/?page_id=589&#8243; url_new_window=&#8221;on&#8221; image=&#8221;https:\/\/hotelinspiration.com\/wp-content\/uploads\/2024\/10\/Tan-Art-by-logo.jpg&#8221; _builder_version=&#8221;4.25.0&#8243; _module_preset=&#8221;default&#8221; box_shadow_style=&#8221;preset1&#8243; box_shadow_color=&#8221;#E09900&#8243; global_colors_info=&#8221;{}&#8221; theme_builder_area=&#8221;post_content&#8221;]<\/p>\n<p>W\u00e4hle Ihre lieblingszimmer!<\/p>\n<p>[\/et_pb_blurb][\/et_pb_column_inner][et_pb_column_inner type=&#8221;1_3&#8243; saved_specialty_column_type=&#8221;1_2&#8243; _builder_version=&#8221;4.25.0&#8243; _module_preset=&#8221;default&#8221; global_colors_info=&#8221;{}&#8221; theme_builder_area=&#8221;post_content&#8221;][et_pb_blurb title=&#8221;Preise&#8221; url=&#8221;https:\/\/hotelinspiration.com\/?page_id=1075&#8243; url_new_window=&#8221;on&#8221; image=&#8221;https:\/\/hotelinspiration.com\/wp-content\/uploads\/2024\/10\/Tan-Art-by-logo.jpg&#8221; _builder_version=&#8221;4.25.0&#8243; _module_preset=&#8221;default&#8221; box_shadow_style=&#8221;preset1&#8243; box_shadow_color=&#8221;#E09900&#8243; global_colors_info=&#8221;{}&#8221; theme_builder_area=&#8221;post_content&#8221;]<\/p>\n<p>Quick Preise List auf eine seite.<\/p>\n<p>[\/et_pb_blurb][\/et_pb_column_inner][et_pb_column_inner type=&#8221;1_3&#8243; saved_specialty_column_type=&#8221;1_2&#8243; _builder_version=&#8221;4.25.0&#8243; _module_preset=&#8221;default&#8221; global_colors_info=&#8221;{}&#8221; theme_builder_area=&#8221;post_content&#8221;][et_pb_blurb title=&#8221;Tagung und Seminare&#8221; url=&#8221;https:\/\/hotelinspiration.com\/?page_id=645&#8243; url_new_window=&#8221;on&#8221; image=&#8221;https:\/\/hotelinspiration.com\/wp-content\/uploads\/2024\/10\/Tan-Art-by-logo.jpg&#8221; _builder_version=&#8221;4.25.0&#8243; _module_preset=&#8221;default&#8221; box_shadow_style=&#8221;preset1&#8243; box_shadow_color=&#8221;#E09900&#8243; global_colors_info=&#8221;{}&#8221; theme_builder_area=&#8221;post_content&#8221;]<\/p>\n<p>Plan Ihre n\u00e4chste Tagung\/Seminar.<\/p>\n<p>[\/et_pb_blurb][\/et_pb_column_inner][\/et_pb_row_inner][et_pb_row_inner column_structure=&#8221;1_3,1_3,1_3&#8243; _builder_version=&#8221;4.25.0&#8243; _module_preset=&#8221;default&#8221; global_colors_info=&#8221;{}&#8221; theme_builder_area=&#8221;post_content&#8221;][et_pb_column_inner type=&#8221;1_3&#8243; saved_specialty_column_type=&#8221;1_2&#8243; _builder_version=&#8221;4.25.0&#8243; _module_preset=&#8221;default&#8221; global_colors_info=&#8221;{}&#8221; theme_builder_area=&#8221;post_content&#8221;][et_pb_blurb title=&#8221;Fr\u00fchst\u00fcck&#8221; url=&#8221;https:\/\/hotelinspiration.com\/?page_id=870&#8243; url_new_window=&#8221;on&#8221; image=&#8221;https:\/\/hotelinspiration.com\/wp-content\/uploads\/2024\/10\/Tan-Art-by-logo.jpg&#8221; _builder_version=&#8221;4.25.0&#8243; _module_preset=&#8221;default&#8221; box_shadow_style=&#8221;preset1&#8243; box_shadow_color=&#8221;#E09900&#8243; global_colors_info=&#8221;{}&#8221; theme_builder_area=&#8221;post_content&#8221;]<\/p>\n<p>Shau unser hoch bewertete Fr\u00fchst\u00fcck an!<\/p>\n<p>[\/et_pb_blurb][\/et_pb_column_inner][et_pb_column_inner type=&#8221;1_3&#8243; saved_specialty_column_type=&#8221;1_2&#8243; _builder_version=&#8221;4.25.0&#8243; _module_preset=&#8221;default&#8221; global_colors_info=&#8221;{}&#8221; theme_builder_area=&#8221;post_content&#8221;][et_pb_blurb title=&#8221;Gastgeber&#8221; url=&#8221;https:\/\/hotelinspiration.com\/?page_id=713&#8243; url_new_window=&#8221;on&#8221; image=&#8221;https:\/\/hotelinspiration.com\/wp-content\/uploads\/2024\/10\/Tan-Art-by-logo.jpg&#8221; _builder_version=&#8221;4.25.0&#8243; _module_preset=&#8221;default&#8221; box_shadow_style=&#8221;preset1&#8243; box_shadow_color=&#8221;#E09900&#8243; global_colors_info=&#8221;{}&#8221; theme_builder_area=&#8221;post_content&#8221;]<\/p>\n<p>Kehrt und Glaudia Chestnut &#8211; Hoteliers<\/p>\n<p>[\/et_pb_blurb][\/et_pb_column_inner][et_pb_column_inner type=&#8221;1_3&#8243; saved_specialty_column_type=&#8221;1_2&#8243; _builder_version=&#8221;4.25.0&#8243; _module_preset=&#8221;default&#8221; global_colors_info=&#8221;{}&#8221; theme_builder_area=&#8221;post_content&#8221;][et_pb_blurb title=&#8221;Hotel im Rupertiwinkel&#8221; url=&#8221;https:\/\/hotelinspiration.com\/?page_id=723&#8243; url_new_window=&#8221;on&#8221; image=&#8221;https:\/\/hotelinspiration.com\/wp-content\/uploads\/2024\/10\/Tan-Art-by-logo.jpg&#8221; _builder_version=&#8221;4.25.0&#8243; _module_preset=&#8221;default&#8221; box_shadow_style=&#8221;preset1&#8243; box_shadow_color=&#8221;#E09900&#8243; global_colors_info=&#8221;{}&#8221; theme_builder_area=&#8221;post_content&#8221;]<\/p>\n<p>Kennenlernen unser historische w\u00fcndersch\u00f6ne gegen!<\/p>\n<p>[\/et_pb_blurb][\/et_pb_column_inner][\/et_pb_row_inner][et_pb_row_inner _builder_version=&#8221;4.25.0&#8243; _module_preset=&#8221;default&#8221; global_colors_info=&#8221;{}&#8221; theme_builder_area=&#8221;post_content&#8221;][et_pb_column_inner saved_specialty_column_type=&#8221;1_2&#8243; _builder_version=&#8221;4.25.0&#8243; _module_preset=&#8221;default&#8221; global_colors_info=&#8221;{}&#8221; theme_builder_area=&#8221;post_content&#8221;][et_pb_blurb title=&#8221;Online-Buchung&#8221; url=&#8221;https:\/\/hotelinspiration.com\/?page_id=910&#8243; url_new_window=&#8221;on&#8221; image=&#8221;https:\/\/hotelinspiration.com\/wp-content\/uploads\/2024\/10\/logo-transparent-N.png&#8221; _builder_version=&#8221;4.25.0&#8243; _module_preset=&#8221;default&#8221; header_text_align=&#8221;center&#8221; body_text_align=&#8221;center&#8221; box_shadow_style=&#8221;preset1&#8243; box_shadow_color=&#8221;#E09900&#8243; global_colors_info=&#8221;{}&#8221; theme_builder_area=&#8221;post_content&#8221;]<\/p>\n<p>Click HIER zum ubernachten bei uns mit ein erwartung:\u00a0 &#8220;inspirierte ruhe&#8221;.<\/p>\n<p>[\/et_pb_blurb][\/et_pb_column_inner][\/et_pb_row_inner][\/et_pb_column][et_pb_column type=&#8221;1_4&#8243; _builder_version=&#8221;4.16&#8243; custom_padding=&#8221;|||&#8221; global_colors_info=&#8221;{}&#8221; custom_padding__hover=&#8221;|||&#8221; theme_builder_area=&#8221;post_content&#8221;][et_pb_image src=&#8221;https:\/\/hotelinspiration.com\/wp-content\/uploads\/2024\/10\/Hotel-Inspiration-Karte-and-Night-Time.jpg&#8221; title_text=&#8221;Hotel Inspiration Karte and Night Time&#8221; align=&#8221;center&#8221; _builder_version=&#8221;4.25.0&#8243; _module_preset=&#8221;default&#8221; box_shadow_style=&#8221;preset6&#8243; box_shadow_color=&#8221;#E09900&#8243; global_colors_info=&#8221;{}&#8221; theme_builder_area=&#8221;post_content&#8221;][\/et_pb_image][et_pb_image src=&#8221;https:\/\/hotelinspiration.com\/wp-content\/uploads\/2024\/09\/DSC4765-1.jpg&#8221; title_text=&#8221;_DSC4765&#8243; align=&#8221;center&#8221; _builder_version=&#8221;4.25.0&#8243; _module_preset=&#8221;default&#8221; box_shadow_style=&#8221;preset6&#8243; box_shadow_color=&#8221;#E09900&#8243; global_colors_info=&#8221;{}&#8221; theme_builder_area=&#8221;post_content&#8221;][\/et_pb_image][\/et_pb_column][\/et_pb_section][et_pb_section fb_built=&#8221;1&#8243; fullwidth=&#8221;on&#8221; _builder_version=&#8221;4.25.0&#8243; _module_preset=&#8221;default&#8221; global_colors_info=&#8221;{}&#8221; theme_builder_area=&#8221;post_content&#8221;][et_pb_fullwidth_image src=&#8221;https:\/\/hotelinspiration.com\/wp-content\/uploads\/2024\/09\/DSC5243.jpg&#8221; title_text=&#8221;_DSC5243&#8243; _builder_version=&#8221;4.25.0&#8243; _module_preset=&#8221;default&#8221; global_colors_info=&#8221;{}&#8221; theme_builder_area=&#8221;post_content&#8221;][\/et_pb_fullwidth_image][\/et_pb_section]<\/p>\n","protected":false},"excerpt":{"rendered":"<p>&nbsp; Impressum HOTEL INSPIRATIONInhaber: Kehrt Chestnut e. K.Mayerhofen 9D-84529 Tittmoning Tel: (0049) 0 86 83 &#8211; 89 122-0Fax: (0049) 0 86 83 &#8211; 89 122-150E-Mail: info@hotel-inspiration.de www.hotel-Inspiration.dewww.hotelinspiration.dewww.hotel-Inspiration.euwww.hotelinspiration.euwww.hotel-Inspiration.comwww.hotelinspiration.comwww.hotel-Inspiration.atwww.hotelinspiration.at Verantwortlich f\u00fcr den InhaltKehrt Chestnut Ust-ID: DE 815476048Sitz des Unternehmens: TittmoningGerichtsstand: D-83278 TraunsteinAmtsgericht Traunstein HRA 11440 DatenschutzZur Datenschutzerkl\u00e4rung UrheberrechteDer Inhalt dieser Website ist urheberrechtlich gesch\u00fctzt. Die Bereitstellung von [&hellip;]<\/p>\n","protected":false},"author":1,"featured_media":0,"parent":0,"menu_order":0,"comment_status":"closed","ping_status":"closed","template":"","meta":{"_et_pb_use_builder":"on","_et_pb_old_content":"","_et_gb_content_width":"","footnotes":""},"class_list":["post-1724","page","type-page","status-publish","hentry"],"_links":{"self":[{"href":"https:\/\/hotelinspiration.com\/index.php?rest_route=\/wp\/v2\/pages\/1724","targetHints":{"allow":["GET"]}}],"collection":[{"href":"https:\/\/hotelinspiration.com\/index.php?rest_route=\/wp\/v2\/pages"}],"about":[{"href":"https:\/\/hotelinspiration.com\/index.php?rest_route=\/wp\/v2\/types\/page"}],"author":[{"embeddable":true,"href":"https:\/\/hotelinspiration.com\/index.php?rest_route=\/wp\/v2\/users\/1"}],"replies":[{"embeddable":true,"href":"https:\/\/hotelinspiration.com\/index.php?rest_route=%2Fwp%2Fv2%2Fcomments&post=1724"}],"version-history":[{"count":3,"href":"https:\/\/hotelinspiration.com\/index.php?rest_route=\/wp\/v2\/pages\/1724\/revisions"}],"predecessor-version":[{"id":1729,"href":"https:\/\/hotelinspiration.com\/index.php?rest_route=\/wp\/v2\/pages\/1724\/revisions\/1729"}],"wp:attachment":[{"href":"https:\/\/hotelinspiration.com\/index.php?rest_route=%2Fwp%2Fv2%2Fmedia&parent=1724"}],"curies":[{"name":"wp","href":"https:\/\/api.w.org\/{rel}","templated":true}]}}