{"id":1901,"date":"2025-08-01T15:43:06","date_gmt":"2025-08-01T15:43:06","guid":{"rendered":"https:\/\/hotelinspiration.com\/?page_id=1901"},"modified":"2026-04-12T09:03:18","modified_gmt":"2026-04-12T09:03:18","slug":"zimmer-mit-bergblick","status":"publish","type":"page","link":"https:\/\/hotelinspiration.com\/?page_id=1901","title":{"rendered":"Zimmer mit Bergblick"},"content":{"rendered":"<p>[et_pb_section fb_built=&#8221;1&#8243; _builder_version=&#8221;4.25.0&#8243; _module_preset=&#8221;default&#8221; background_enable_color=&#8221;off&#8221; background_image=&#8221;https:\/\/hotelinspiration.com\/wp-content\/uploads\/2024\/10\/Tan-Art-by-logo.jpg&#8221; global_colors_info=&#8221;{}&#8221;][et_pb_row _builder_version=&#8221;4.25.0&#8243; _module_preset=&#8221;default&#8221; global_colors_info=&#8221;{}&#8221;][et_pb_column type=&#8221;4_4&#8243; _builder_version=&#8221;4.25.0&#8243; _module_preset=&#8221;default&#8221; global_colors_info=&#8221;{}&#8221;][et_pb_cta title=&#8221;Zimmer mit Bergblick&#8221; module_id=&#8221;bergblick&#8221; _builder_version=&#8221;4.27.4&#8243; _module_preset=&#8221;default&#8221; background_color=&#8221;#DFB758&#8243; background_image=&#8221;https:\/\/hotelinspiration.com\/wp-content\/uploads\/2024\/10\/DSC5325.jpg&#8221; header_text_shadow_style=&#8221;preset2&#8243; box_shadow_style=&#8221;preset6&#8243; box_shadow_color=&#8221;#331584&#8243; global_colors_info=&#8221;{}&#8221;][\/et_pb_cta][\/et_pb_column][\/et_pb_row][et_pb_row column_structure=&#8221;1_3,1_3,1_3&#8243; _builder_version=&#8221;4.25.0&#8243; _module_preset=&#8221;default&#8221; global_colors_info=&#8221;{}&#8221;][et_pb_column type=&#8221;1_3&#8243; _builder_version=&#8221;4.25.0&#8243; _module_preset=&#8221;default&#8221; global_colors_info=&#8221;{}&#8221;][et_pb_blurb title=&#8221;Zimmer 101&#8243; url=&#8221;https:\/\/hotelinspiration.com\/?page_id=734&#8243; url_new_window=&#8221;on&#8221; image=&#8221;https:\/\/hotelinspiration.com\/wp-content\/uploads\/2024\/10\/DSC4497.jpg&#8221; _builder_version=&#8221;4.27.4&#8243; _module_preset=&#8221;default&#8221; header_text_align=&#8221;center&#8221; global_colors_info=&#8221;{}&#8221;]<\/p>\n<p style=\"text-align: center;\">Eleganz in Rot und Schwarz<\/p>\n<p>[\/et_pb_blurb][et_pb_button button_url=&#8221;https:\/\/hotelinspiration.com\/?page_id=734&#8243; url_new_window=&#8221;on&#8221; button_text=&#8221;Click Hier f\u00fcr Info und Fotos&#8221; button_alignment=&#8221;center&#8221; _builder_version=&#8221;4.25.0&#8243; _module_preset=&#8221;default&#8221; custom_button=&#8221;on&#8221; button_text_color=&#8221;#E09900&#8243; hover_enabled=&#8221;0&#8243; button_text_shadow_style=&#8221;preset2&#8243; button_text_shadow_color=&#8221;#000000&#8243; global_colors_info=&#8221;{}&#8221; sticky_enabled=&#8221;0&#8243;][\/et_pb_button][\/et_pb_column][et_pb_column type=&#8221;1_3&#8243; _builder_version=&#8221;4.25.0&#8243; _module_preset=&#8221;default&#8221; global_colors_info=&#8221;{}&#8221;][et_pb_blurb title=&#8221;Zimmer 102&#8243; url=&#8221;https:\/\/hotelinspiration.com\/?page_id=1042&#8243; url_new_window=&#8221;on&#8221; image=&#8221;https:\/\/hotelinspiration.com\/wp-content\/uploads\/2024\/10\/DSC4518.jpg&#8221; _builder_version=&#8221;4.27.4&#8243; _module_preset=&#8221;default&#8221; header_text_align=&#8221;center&#8221; link_option_url_new_window=&#8221;on&#8221; global_colors_info=&#8221;{}&#8221;]<\/p>\n<p style=\"text-align: center;\">Klassisches Bl\u00fctenmeer<\/p>\n<p>[\/et_pb_blurb][et_pb_button button_url=&#8221;https:\/\/hotelinspiration.com\/?page_id=1042&#8243; url_new_window=&#8221;on&#8221; button_text=&#8221;Click Hier f\u00fcr Info und Fotos&#8221; button_alignment=&#8221;center&#8221; _builder_version=&#8221;4.25.0&#8243; _module_preset=&#8221;default&#8221; custom_button=&#8221;on&#8221; button_text_color=&#8221;#E09900&#8243; button_text_shadow_style=&#8221;preset2&#8243; button_text_shadow_color=&#8221;#000000&#8243; global_colors_info=&#8221;{}&#8221;][\/et_pb_button][\/et_pb_column][et_pb_column type=&#8221;1_3&#8243; _builder_version=&#8221;4.25.0&#8243; _module_preset=&#8221;default&#8221; global_colors_info=&#8221;{}&#8221;][et_pb_blurb title=&#8221;Zimmer 103&#8243; url=&#8221;https:\/\/hotelinspiration.com\/?page_id=1210&#8243; url_new_window=&#8221;on&#8221; image=&#8221;https:\/\/hotelinspiration.com\/wp-content\/uploads\/2024\/10\/DSC4537.jpg&#8221; _builder_version=&#8221;4.27.4&#8243; _module_preset=&#8221;default&#8221; header_text_align=&#8221;center&#8221; global_colors_info=&#8221;{}&#8221;]<\/p>\n<p style=\"text-align: center;\">Wie die Rose ohne Dornen<\/p>\n<p>[\/et_pb_blurb][et_pb_button button_url=&#8221;https:\/\/hotelinspiration.com\/?page_id=1210&#8243; url_new_window=&#8221;on&#8221; button_text=&#8221;Click Hier f\u00fcr Info und Fotos&#8221; button_alignment=&#8221;center&#8221; _builder_version=&#8221;4.25.0&#8243; _module_preset=&#8221;default&#8221; custom_button=&#8221;on&#8221; button_text_color=&#8221;#E09900&#8243; button_text_shadow_style=&#8221;preset2&#8243; button_text_shadow_color=&#8221;#000000&#8243; global_colors_info=&#8221;{}&#8221;][\/et_pb_button][\/et_pb_column][\/et_pb_row][et_pb_row column_structure=&#8221;1_3,1_3,1_3&#8243; _builder_version=&#8221;4.25.0&#8243; _module_preset=&#8221;default&#8221; global_colors_info=&#8221;{}&#8221;][et_pb_column type=&#8221;1_3&#8243; _builder_version=&#8221;4.25.0&#8243; _module_preset=&#8221;default&#8221; global_colors_info=&#8221;{}&#8221;][et_pb_blurb title=&#8221;Zimmer 104&#8243; url=&#8221;https:\/\/hotelinspiration.com\/?page_id=1217&#8243; url_new_window=&#8221;on&#8221; image=&#8221;https:\/\/hotelinspiration.com\/wp-content\/uploads\/2024\/10\/DSC4546.jpg&#8221; _builder_version=&#8221;4.27.4&#8243; _module_preset=&#8221;default&#8221; header_text_align=&#8221;center&#8221; global_colors_info=&#8221;{}&#8221;]<\/p>\n<p style=\"text-align: center;\">Sommerromantik<\/p>\n<p>[\/et_pb_blurb][et_pb_button button_url=&#8221;https:\/\/hotelinspiration.com\/?page_id=1217&#8243; url_new_window=&#8221;on&#8221; button_text=&#8221;Click Hier f\u00fcr Info und Fotos&#8221; button_alignment=&#8221;center&#8221; _builder_version=&#8221;4.25.0&#8243; _module_preset=&#8221;default&#8221; custom_button=&#8221;on&#8221; button_text_color=&#8221;#E09900&#8243; button_text_shadow_style=&#8221;preset2&#8243; button_text_shadow_color=&#8221;#000000&#8243; global_colors_info=&#8221;{}&#8221;][\/et_pb_button][\/et_pb_column][et_pb_column type=&#8221;1_3&#8243; _builder_version=&#8221;4.25.0&#8243; _module_preset=&#8221;default&#8221; global_colors_info=&#8221;{}&#8221;][et_pb_blurb title=&#8221;Zimmer 105&#8243; url=&#8221;https:\/\/hotelinspiration.com\/?page_id=1227&#8243; url_new_window=&#8221;on&#8221; image=&#8221;https:\/\/hotelinspiration.com\/wp-content\/uploads\/2024\/10\/DSC4558.jpg&#8221; _builder_version=&#8221;4.27.4&#8243; _module_preset=&#8221;default&#8221; header_text_align=&#8221;center&#8221; global_colors_info=&#8221;{}&#8221;]<\/p>\n<p style=\"text-align: center;\">Klassisch Vanille und Pink<\/p>\n<p>[\/et_pb_blurb][et_pb_button button_url=&#8221;https:\/\/hotelinspiration.com\/?page_id=1227&#8243; url_new_window=&#8221;on&#8221; button_text=&#8221;Click Hier f\u00fcr Info und Fotos&#8221; button_alignment=&#8221;center&#8221; _builder_version=&#8221;4.25.0&#8243; _module_preset=&#8221;default&#8221; custom_button=&#8221;on&#8221; button_text_color=&#8221;#E09900&#8243; button_text_shadow_style=&#8221;preset2&#8243; button_text_shadow_color=&#8221;#000000&#8243; global_colors_info=&#8221;{}&#8221;][\/et_pb_button][\/et_pb_column][et_pb_column type=&#8221;1_3&#8243; _builder_version=&#8221;4.25.0&#8243; _module_preset=&#8221;default&#8221; global_colors_info=&#8221;{}&#8221;][et_pb_blurb title=&#8221;Zimmer 106&#8243; url=&#8221;https:\/\/hotelinspiration.com\/?page_id=1240&#8243; url_new_window=&#8221;on&#8221; image=&#8221;https:\/\/hotelinspiration.com\/wp-content\/uploads\/2024\/10\/DSC4575.jpg&#8221; _builder_version=&#8221;4.27.4&#8243; _module_preset=&#8221;default&#8221; header_text_align=&#8221;center&#8221; global_colors_info=&#8221;{}&#8221;]<\/p>\n<p style=\"text-align: center;\">Herbstliche Eleganz<\/p>\n<p>[\/et_pb_blurb][et_pb_button button_url=&#8221;https:\/\/hotelinspiration.com\/?page_id=1240&#8243; url_new_window=&#8221;on&#8221; button_text=&#8221;Click Hier f\u00fcr Info und Fotos&#8221; button_alignment=&#8221;center&#8221; _builder_version=&#8221;4.25.0&#8243; _module_preset=&#8221;default&#8221; custom_button=&#8221;on&#8221; button_text_color=&#8221;#E09900&#8243; button_text_shadow_style=&#8221;preset2&#8243; button_text_shadow_color=&#8221;#000000&#8243; global_colors_info=&#8221;{}&#8221;][\/et_pb_button][\/et_pb_column][\/et_pb_row][et_pb_row column_structure=&#8221;1_3,1_3,1_3&#8243; _builder_version=&#8221;4.25.0&#8243; _module_preset=&#8221;default&#8221; global_colors_info=&#8221;{}&#8221;][et_pb_column type=&#8221;1_3&#8243; _builder_version=&#8221;4.25.0&#8243; _module_preset=&#8221;default&#8221; global_colors_info=&#8221;{}&#8221;][et_pb_blurb title=&#8221;Zimmer 107&#8243; url=&#8221;https:\/\/hotelinspiration.com\/?page_id=1250&#8243; url_new_window=&#8221;on&#8221; image=&#8221;https:\/\/hotelinspiration.com\/wp-content\/uploads\/2024\/10\/DSC4589.jpg&#8221; _builder_version=&#8221;4.27.4&#8243; _module_preset=&#8221;default&#8221; header_text_align=&#8221;center&#8221; global_colors_info=&#8221;{}&#8221;]<\/p>\n<p style=\"text-align: center;\">Nat\u00fcrliche Zitrusfr\u00fcchte<\/p>\n<p>[\/et_pb_blurb][et_pb_button button_url=&#8221;https:\/\/hotelinspiration.com\/?page_id=1250&#8243; url_new_window=&#8221;on&#8221; button_text=&#8221;Click Hier f\u00fcr Info und Fotos&#8221; button_alignment=&#8221;center&#8221; _builder_version=&#8221;4.25.0&#8243; _module_preset=&#8221;default&#8221; custom_button=&#8221;on&#8221; button_text_color=&#8221;#E09900&#8243; button_text_shadow_style=&#8221;preset2&#8243; button_text_shadow_color=&#8221;#000000&#8243; global_colors_info=&#8221;{}&#8221;][\/et_pb_button][\/et_pb_column][et_pb_column type=&#8221;1_3&#8243; _builder_version=&#8221;4.25.0&#8243; _module_preset=&#8221;default&#8221; global_colors_info=&#8221;{}&#8221;][et_pb_blurb title=&#8221;Zimmer 215&#8243; url=&#8221;https:\/\/hotelinspiration.com\/?page_id=1290&#8243; url_new_window=&#8221;on&#8221; image=&#8221;https:\/\/hotelinspiration.com\/wp-content\/uploads\/2024\/10\/DSC4637.jpg&#8221; _builder_version=&#8221;4.27.4&#8243; _module_preset=&#8221;default&#8221; header_text_align=&#8221;center&#8221; global_colors_info=&#8221;{}&#8221;]<\/p>\n<p style=\"text-align: center;\">Moderne in Rot und Orange<\/p>\n<p>[\/et_pb_blurb][et_pb_button button_url=&#8221;https:\/\/hotelinspiration.com\/?page_id=1290&#8243; url_new_window=&#8221;on&#8221; button_text=&#8221;Click Hier f\u00fcr Info und Fotos&#8221; button_alignment=&#8221;center&#8221; _builder_version=&#8221;4.25.0&#8243; _module_preset=&#8221;default&#8221; custom_button=&#8221;on&#8221; button_text_color=&#8221;#E09900&#8243; button_text_shadow_style=&#8221;preset2&#8243; button_text_shadow_color=&#8221;#000000&#8243; global_colors_info=&#8221;{}&#8221;][\/et_pb_button][\/et_pb_column][et_pb_column type=&#8221;1_3&#8243; _builder_version=&#8221;4.25.0&#8243; _module_preset=&#8221;default&#8221; global_colors_info=&#8221;{}&#8221;][et_pb_blurb title=&#8221;Zimmer 216&#8243; image=&#8221;https:\/\/hotelinspiration.com\/wp-content\/uploads\/2024\/10\/DSC4664.jpg&#8221; _builder_version=&#8221;4.27.4&#8243; _module_preset=&#8221;default&#8221; header_text_align=&#8221;center&#8221; global_colors_info=&#8221;{}&#8221;]<\/p>\n<p style=\"text-align: center;\">Kraftvoller Bl\u00fctenzauber<\/p>\n<p>[\/et_pb_blurb][et_pb_button button_url=&#8221;https:\/\/hotelinspiration.com\/?page_id=734&#8243; url_new_window=&#8221;on&#8221; button_text=&#8221;Click Hier f\u00fcr Info und Fotos&#8221; button_alignment=&#8221;center&#8221; _builder_version=&#8221;4.25.0&#8243; _module_preset=&#8221;default&#8221; custom_button=&#8221;on&#8221; button_text_color=&#8221;#E09900&#8243; button_text_shadow_style=&#8221;preset2&#8243; button_text_shadow_color=&#8221;#000000&#8243; global_colors_info=&#8221;{}&#8221;][\/et_pb_button][\/et_pb_column][\/et_pb_row][et_pb_row column_structure=&#8221;1_3,1_3,1_3&#8243; _builder_version=&#8221;4.25.0&#8243; _module_preset=&#8221;default&#8221; global_colors_info=&#8221;{}&#8221;][et_pb_column type=&#8221;1_3&#8243; _builder_version=&#8221;4.25.0&#8243; _module_preset=&#8221;default&#8221; global_colors_info=&#8221;{}&#8221;][et_pb_blurb title=&#8221;Zimmer 217&#8243; image=&#8221;https:\/\/hotelinspiration.com\/wp-content\/uploads\/2024\/10\/DSC4654.jpg&#8221; _builder_version=&#8221;4.27.4&#8243; _module_preset=&#8221;default&#8221; header_text_align=&#8221;center&#8221; global_colors_info=&#8221;{}&#8221;]<\/p>\n<p style=\"text-align: center;\">Eleganz in Champagne<\/p>\n<p>[\/et_pb_blurb][et_pb_button button_url=&#8221;https:\/\/hotelinspiration.com\/?page_id=734&#8243; url_new_window=&#8221;on&#8221; button_text=&#8221;Click Hier f\u00fcr Info und Fotos&#8221; button_alignment=&#8221;center&#8221; _builder_version=&#8221;4.25.0&#8243; _module_preset=&#8221;default&#8221; custom_button=&#8221;on&#8221; button_text_color=&#8221;#E09900&#8243; button_text_shadow_style=&#8221;preset2&#8243; button_text_shadow_color=&#8221;#000000&#8243; global_colors_info=&#8221;{}&#8221;][\/et_pb_button][\/et_pb_column][et_pb_column type=&#8221;1_3&#8243; _builder_version=&#8221;4.25.0&#8243; _module_preset=&#8221;default&#8221; global_colors_info=&#8221;{}&#8221;][et_pb_blurb title=&#8221;Zimmer 218&#8243; image=&#8221;https:\/\/hotelinspiration.com\/wp-content\/uploads\/2024\/10\/DSC4721.jpg&#8221; _builder_version=&#8221;4.27.4&#8243; _module_preset=&#8221;default&#8221; header_text_align=&#8221;center&#8221; global_colors_info=&#8221;{}&#8221;]<\/p>\n<p style=\"text-align: center;\">Melodie in Rot und Orange<\/p>\n<p>[\/et_pb_blurb][et_pb_button button_url=&#8221;https:\/\/hotelinspiration.com\/?page_id=734&#8243; url_new_window=&#8221;on&#8221; button_text=&#8221;Click Hier f\u00fcr Info und Fotos&#8221; button_alignment=&#8221;center&#8221; _builder_version=&#8221;4.25.0&#8243; _module_preset=&#8221;default&#8221; custom_button=&#8221;on&#8221; button_text_color=&#8221;#E09900&#8243; button_text_shadow_style=&#8221;preset2&#8243; button_text_shadow_color=&#8221;#000000&#8243; global_colors_info=&#8221;{}&#8221;][\/et_pb_button][\/et_pb_column][et_pb_column type=&#8221;1_3&#8243; _builder_version=&#8221;4.25.0&#8243; _module_preset=&#8221;default&#8221; global_colors_info=&#8221;{}&#8221;][et_pb_blurb title=&#8221;Zimmer 219&#8243; image=&#8221;https:\/\/hotelinspiration.com\/wp-content\/uploads\/2024\/10\/DSC4675-1.jpg&#8221; _builder_version=&#8221;4.27.4&#8243; _module_preset=&#8221;default&#8221; header_text_align=&#8221;center&#8221; global_colors_info=&#8221;{}&#8221;]<\/p>\n<p style=\"text-align: center;\">Festival der Natur<\/p>\n<p>[\/et_pb_blurb][et_pb_button button_url=&#8221;https:\/\/hotelinspiration.com\/?page_id=734&#8243; url_new_window=&#8221;on&#8221; button_text=&#8221;Click Hier f\u00fcr Info und Fotos&#8221; button_alignment=&#8221;center&#8221; _builder_version=&#8221;4.25.0&#8243; _module_preset=&#8221;default&#8221; custom_button=&#8221;on&#8221; button_text_color=&#8221;#E09900&#8243; button_text_shadow_style=&#8221;preset2&#8243; button_text_shadow_color=&#8221;#000000&#8243; global_colors_info=&#8221;{}&#8221;][\/et_pb_button][\/et_pb_column][\/et_pb_row][et_pb_row column_structure=&#8221;1_3,1_3,1_3&#8243; _builder_version=&#8221;4.25.0&#8243; _module_preset=&#8221;default&#8221; global_colors_info=&#8221;{}&#8221;][et_pb_column type=&#8221;1_3&#8243; _builder_version=&#8221;4.25.0&#8243; _module_preset=&#8221;default&#8221; global_colors_info=&#8221;{}&#8221;][et_pb_blurb title=&#8221;Zimmer 220&#8243; image=&#8221;https:\/\/hotelinspiration.com\/wp-content\/uploads\/2024\/10\/DSC4693.jpg&#8221; _builder_version=&#8221;4.27.4&#8243; _module_preset=&#8221;default&#8221; header_text_align=&#8221;center&#8221; global_colors_info=&#8221;{}&#8221;]<\/p>\n<p style=\"text-align: center;\">Harmonie aus Gold<\/p>\n<p>[\/et_pb_blurb][et_pb_button button_url=&#8221;https:\/\/hotelinspiration.com\/?page_id=734&#8243; url_new_window=&#8221;on&#8221; button_text=&#8221;Click Hier f\u00fcr Info und Fotos&#8221; button_alignment=&#8221;center&#8221; _builder_version=&#8221;4.25.0&#8243; _module_preset=&#8221;default&#8221; custom_button=&#8221;on&#8221; button_text_color=&#8221;#E09900&#8243; button_text_shadow_style=&#8221;preset2&#8243; button_text_shadow_color=&#8221;#000000&#8243; global_colors_info=&#8221;{}&#8221;][\/et_pb_button][\/et_pb_column][et_pb_column type=&#8221;1_3&#8243; _builder_version=&#8221;4.25.0&#8243; _module_preset=&#8221;default&#8221; global_colors_info=&#8221;{}&#8221;][et_pb_blurb title=&#8221;Zimmer 221&#8243; image=&#8221;https:\/\/hotelinspiration.com\/wp-content\/uploads\/2024\/10\/DSC4709.jpg&#8221; _builder_version=&#8221;4.27.4&#8243; _module_preset=&#8221;default&#8221; header_text_align=&#8221;center&#8221; global_colors_info=&#8221;{}&#8221;]<\/p>\n<p style=\"text-align: center;\">Moderner Dialog in Lila<\/p>\n<p>[\/et_pb_blurb][et_pb_button button_url=&#8221;https:\/\/hotelinspiration.com\/?page_id=734&#8243; url_new_window=&#8221;on&#8221; button_text=&#8221;Click Hier f\u00fcr Info und Fotos&#8221; button_alignment=&#8221;center&#8221; _builder_version=&#8221;4.25.0&#8243; _module_preset=&#8221;default&#8221; custom_button=&#8221;on&#8221; button_text_color=&#8221;#E09900&#8243; button_text_shadow_style=&#8221;preset2&#8243; button_text_shadow_color=&#8221;#000000&#8243; global_colors_info=&#8221;{}&#8221;][\/et_pb_button][\/et_pb_column][et_pb_column type=&#8221;1_3&#8243; _builder_version=&#8221;4.25.0&#8243; _module_preset=&#8221;default&#8221; global_colors_info=&#8221;{}&#8221;][et_pb_blurb title=&#8221;Ferienwohnung&#8221; image=&#8221;https:\/\/hotelinspiration.com\/wp-content\/uploads\/2024\/10\/zimmer-ferienwohnung.jpg&#8221; _builder_version=&#8221;4.27.4&#8243; _module_preset=&#8221;default&#8221; header_text_align=&#8221;center&#8221; global_colors_info=&#8221;{}&#8221;]<\/p>\n<p style=\"text-align: center;\">Ferienwohnung mit zwei Schlafzimmern<\/p>\n<p>[\/et_pb_blurb][et_pb_button button_url=&#8221;https:\/\/hotelinspiration.com\/?page_id=734&#8243; url_new_window=&#8221;on&#8221; button_text=&#8221;Click Hier f\u00fcr Info und Fotos&#8221; button_alignment=&#8221;center&#8221; _builder_version=&#8221;4.25.0&#8243; _module_preset=&#8221;default&#8221; custom_button=&#8221;on&#8221; button_text_color=&#8221;#E09900&#8243; button_text_shadow_style=&#8221;preset2&#8243; button_text_shadow_color=&#8221;#000000&#8243; global_colors_info=&#8221;{}&#8221;][\/et_pb_button][\/et_pb_column][\/et_pb_row][\/et_pb_section][et_pb_section fb_built=&#8221;1&#8243; fullwidth=&#8221;on&#8221; _builder_version=&#8221;4.25.0&#8243; _module_preset=&#8221;default&#8221; global_colors_info=&#8221;{}&#8221;][et_pb_fullwidth_image src=&#8221;https:\/\/hotelinspiration.com\/wp-content\/uploads\/2024\/09\/DSC5243.jpg&#8221; title_text=&#8221;_DSC5243&#8243; _builder_version=&#8221;4.25.0&#8243; _module_preset=&#8221;default&#8221; global_colors_info=&#8221;{}&#8221;][\/et_pb_fullwidth_image][\/et_pb_section]<\/p>\n","protected":false},"excerpt":{"rendered":"<p>Eleganz in Rot und SchwarzKlassisches Bl\u00fctenmeerWie die Rose ohne DornenSommerromantikKlassisch Vanille und PinkHerbstliche EleganzNat\u00fcrliche Zitrusfr\u00fcchteModerne in Rot und OrangeKraftvoller Bl\u00fctenzauberEleganz in ChampagneMelodie in Rot und OrangeFestival der NaturHarmonie aus GoldModerner Dialog in LilaFerienwohnung mit zwei Schlafzimmern<\/p>\n","protected":false},"author":1,"featured_media":0,"parent":0,"menu_order":0,"comment_status":"closed","ping_status":"closed","template":"","meta":{"_et_pb_use_builder":"on","_et_pb_old_content":"","_et_gb_content_width":"","footnotes":""},"class_list":["post-1901","page","type-page","status-publish","hentry"],"_links":{"self":[{"href":"https:\/\/hotelinspiration.com\/index.php?rest_route=\/wp\/v2\/pages\/1901","targetHints":{"allow":["GET"]}}],"collection":[{"href":"https:\/\/hotelinspiration.com\/index.php?rest_route=\/wp\/v2\/pages"}],"about":[{"href":"https:\/\/hotelinspiration.com\/index.php?rest_route=\/wp\/v2\/types\/page"}],"author":[{"embeddable":true,"href":"https:\/\/hotelinspiration.com\/index.php?rest_route=\/wp\/v2\/users\/1"}],"replies":[{"embeddable":true,"href":"https:\/\/hotelinspiration.com\/index.php?rest_route=%2Fwp%2Fv2%2Fcomments&post=1901"}],"version-history":[{"count":3,"href":"https:\/\/hotelinspiration.com\/index.php?rest_route=\/wp\/v2\/pages\/1901\/revisions"}],"predecessor-version":[{"id":2008,"href":"https:\/\/hotelinspiration.com\/index.php?rest_route=\/wp\/v2\/pages\/1901\/revisions\/2008"}],"wp:attachment":[{"href":"https:\/\/hotelinspiration.com\/index.php?rest_route=%2Fwp%2Fv2%2Fmedia&parent=1901"}],"curies":[{"name":"wp","href":"https:\/\/api.w.org\/{rel}","templated":true}]}}