{"id":1923,"date":"2025-08-01T15:57:38","date_gmt":"2025-08-01T15:57:38","guid":{"rendered":"https:\/\/hotelinspiration.com\/?page_id=1923"},"modified":"2025-08-01T15:57:56","modified_gmt":"2025-08-01T15:57:56","slug":"gruppen-zimmer","status":"publish","type":"page","link":"https:\/\/hotelinspiration.com\/?page_id=1923","title":{"rendered":"Gruppen- Zimmer"},"content":{"rendered":"<p>[et_pb_section fb_built=&#8221;1&#8243; _builder_version=&#8221;4.25.0&#8243; _module_preset=&#8221;default&#8221; background_image=&#8221;https:\/\/hotelinspiration.com\/wp-content\/uploads\/2024\/10\/Tan-Art-by-logo.jpg&#8221; global_colors_info=&#8221;{}&#8221; theme_builder_area=&#8221;post_content&#8221;][et_pb_row _builder_version=&#8221;4.25.0&#8243; _module_preset=&#8221;default&#8221; global_colors_info=&#8221;{}&#8221; theme_builder_area=&#8221;post_content&#8221;][et_pb_column type=&#8221;4_4&#8243; _builder_version=&#8221;4.25.0&#8243; _module_preset=&#8221;default&#8221; global_colors_info=&#8221;{}&#8221; theme_builder_area=&#8221;post_content&#8221;][et_pb_cta title=&#8221;Ateliers und Ferienwohnung &#8211; Zweite Etage&#8221; module_id=&#8221;group&#8221; _builder_version=&#8221;4.27.4&#8243; _module_preset=&#8221;default&#8221; background_color=&#8221;#F0B800&#8243; background_image=&#8221;https:\/\/hotelinspiration.com\/wp-content\/uploads\/2024\/10\/2021-05-21-010-scaled.jpg&#8221; header_text_shadow_style=&#8221;preset2&#8243; box_shadow_style=&#8221;preset6&#8243; box_shadow_color=&#8221;#331584&#8243; global_colors_info=&#8221;{}&#8221; theme_builder_area=&#8221;post_content&#8221;]<\/p>\n<p>Unsere Ateliers haben Platz f\u00fcr bis zu zehn Personen.<\/p>\n<p>Unsere moderne Ferienwohnung ist sehr gro\u00dfz\u00fcgig im offenen Design gehalten und verf\u00fcgt \u00fcber einen gro\u00dfen Balkon mit Bergblick.<\/p>\n<p>[\/et_pb_cta][\/et_pb_column][\/et_pb_row][et_pb_row column_structure=&#8221;1_3,1_3,1_3&#8243; _builder_version=&#8221;4.25.0&#8243; _module_preset=&#8221;default&#8221; global_colors_info=&#8221;{}&#8221; theme_builder_area=&#8221;post_content&#8221;][et_pb_column type=&#8221;1_3&#8243; _builder_version=&#8221;4.25.0&#8243; _module_preset=&#8221;default&#8221; global_colors_info=&#8221;{}&#8221; theme_builder_area=&#8221;post_content&#8221;][et_pb_blurb title=&#8221;Zimmer 336&#8243; url=&#8221;https:\/\/hotelinspiration.com\/?page_id=1608&#8243; url_new_window=&#8221;on&#8221; image=&#8221;https:\/\/hotelinspiration.com\/wp-content\/uploads\/2024\/10\/DSC4929.jpg&#8221; _builder_version=&#8221;4.27.4&#8243; _module_preset=&#8221;default&#8221; header_text_align=&#8221;center&#8221; header_text_color=&#8221;#000000&#8243; body_text_color=&#8221;#000000&#8243; header_text_shadow_style=&#8221;preset2&#8243; body_text_shadow_style=&#8221;preset2&#8243; global_colors_info=&#8221;{}&#8221; theme_builder_area=&#8221;post_content&#8221;]<\/p>\n<p style=\"text-align: center;\">Atelier 336 f\u00fcr bis zu zehn Personen<\/p>\n<p>[\/et_pb_blurb][et_pb_button button_url=&#8221;https:\/\/hotelinspiration.com\/?page_id=1608&#8243; url_new_window=&#8221;on&#8221; button_text=&#8221;Click Hier f\u00fcr Info und Fotos&#8221; button_alignment=&#8221;center&#8221; _builder_version=&#8221;4.25.0&#8243; _module_preset=&#8221;default&#8221; custom_button=&#8221;on&#8221; button_text_color=&#8221;#E09900&#8243; button_text_shadow_style=&#8221;preset2&#8243; button_text_shadow_color=&#8221;#000000&#8243; global_colors_info=&#8221;{}&#8221; theme_builder_area=&#8221;post_content&#8221;][\/et_pb_button][\/et_pb_column][et_pb_column type=&#8221;1_3&#8243; _builder_version=&#8221;4.25.0&#8243; _module_preset=&#8221;default&#8221; global_colors_info=&#8221;{}&#8221; theme_builder_area=&#8221;post_content&#8221;][et_pb_blurb title=&#8221;Zimmer 340&#8243; url=&#8221;https:\/\/hotelinspiration.com\/?page_id=1630&#8243; url_new_window=&#8221;on&#8221; image=&#8221;https:\/\/hotelinspiration.com\/wp-content\/uploads\/2024\/10\/DSC4908.jpg&#8221; _builder_version=&#8221;4.27.4&#8243; _module_preset=&#8221;default&#8221; header_text_align=&#8221;center&#8221; header_text_color=&#8221;#000000&#8243; body_text_color=&#8221;#000000&#8243; header_text_shadow_style=&#8221;preset2&#8243; body_text_shadow_style=&#8221;preset2&#8243; global_colors_info=&#8221;{}&#8221; theme_builder_area=&#8221;post_content&#8221;]<\/p>\n<p style=\"text-align: center;\">Atelier 340 f\u00fcr bis zu zehn Personen<\/p>\n<p>[\/et_pb_blurb][et_pb_button button_url=&#8221;https:\/\/hotelinspiration.com\/?page_id=1630&#8243; url_new_window=&#8221;on&#8221; button_text=&#8221;Click Hier f\u00fcr Info und Fotos&#8221; button_alignment=&#8221;center&#8221; _builder_version=&#8221;4.25.0&#8243; _module_preset=&#8221;default&#8221; custom_button=&#8221;on&#8221; button_text_color=&#8221;#E09900&#8243; button_text_shadow_style=&#8221;preset2&#8243; button_text_shadow_color=&#8221;#000000&#8243; global_colors_info=&#8221;{}&#8221; theme_builder_area=&#8221;post_content&#8221;][\/et_pb_button][\/et_pb_column][et_pb_column type=&#8221;1_3&#8243; _builder_version=&#8221;4.25.0&#8243; _module_preset=&#8221;default&#8221; global_colors_info=&#8221;{}&#8221; theme_builder_area=&#8221;post_content&#8221;][et_pb_blurb title=&#8221;Ferienwohnung&#8221; url=&#8221;https:\/\/hotelinspiration.com\/?page_id=1644&#8243; url_new_window=&#8221;on&#8221; image=&#8221;https:\/\/hotelinspiration.com\/wp-content\/uploads\/2024\/10\/2021-05-21-010-scaled.jpg&#8221; _builder_version=&#8221;4.27.4&#8243; _module_preset=&#8221;default&#8221; header_text_align=&#8221;center&#8221; header_text_color=&#8221;#000000&#8243; body_text_color=&#8221;#000000&#8243; header_text_shadow_style=&#8221;preset2&#8243; body_text_shadow_style=&#8221;preset2&#8243; global_colors_info=&#8221;{}&#8221; theme_builder_area=&#8221;post_content&#8221;]<\/p>\n<p style=\"text-align: center;\">Ferienwohnung mit zwei Schlafzimmern<\/p>\n<p>[\/et_pb_blurb][et_pb_button button_url=&#8221;https:\/\/hotelinspiration.com\/?page_id=1644&#8243; url_new_window=&#8221;on&#8221; button_text=&#8221;Click Hier f\u00fcr Info und Fotos&#8221; button_alignment=&#8221;center&#8221; _builder_version=&#8221;4.25.0&#8243; _module_preset=&#8221;default&#8221; custom_button=&#8221;on&#8221; button_text_color=&#8221;#E09900&#8243; button_text_shadow_style=&#8221;preset2&#8243; button_text_shadow_color=&#8221;#000000&#8243; global_colors_info=&#8221;{}&#8221; theme_builder_area=&#8221;post_content&#8221;][\/et_pb_button][\/et_pb_column][\/et_pb_row][\/et_pb_section][et_pb_section fb_built=&#8221;1&#8243; fullwidth=&#8221;on&#8221; _builder_version=&#8221;4.25.0&#8243; _module_preset=&#8221;default&#8221; global_colors_info=&#8221;{}&#8221; theme_builder_area=&#8221;post_content&#8221;][et_pb_fullwidth_image src=&#8221;https:\/\/hotelinspiration.com\/wp-content\/uploads\/2024\/09\/DSC5243.jpg&#8221; title_text=&#8221;_DSC5243&#8243; _builder_version=&#8221;4.25.0&#8243; _module_preset=&#8221;default&#8221; global_colors_info=&#8221;{}&#8221; theme_builder_area=&#8221;post_content&#8221;][\/et_pb_fullwidth_image][\/et_pb_section][et_pb_section fb_built=&#8221;1&#8243; specialty=&#8221;on&#8221; _builder_version=&#8221;4.25.0&#8243; _module_preset=&#8221;default&#8221; background_image=&#8221;https:\/\/hotelinspiration.com\/wp-content\/uploads\/2024\/10\/Von-Herzen-Wilkommen.jpg&#8221; parallax=&#8221;on&#8221; global_colors_info=&#8221;{}&#8221; theme_builder_area=&#8221;post_content&#8221;][et_pb_column type=&#8221;1_4&#8243; _builder_version=&#8221;4.16&#8243; custom_padding=&#8221;|||&#8221; global_colors_info=&#8221;{}&#8221; custom_padding__hover=&#8221;|||&#8221; theme_builder_area=&#8221;post_content&#8221;][et_pb_image src=&#8221;https:\/\/hotelinspiration.com\/wp-content\/uploads\/2024\/10\/Hotel-Insp-Logo-tan-background.jpg&#8221; title_text=&#8221;Hotel Insp Logo tan background&#8221; _builder_version=&#8221;4.25.0&#8243; _module_preset=&#8221;default&#8221; box_shadow_style=&#8221;preset6&#8243; box_shadow_color=&#8221;#E09900&#8243; global_colors_info=&#8221;{}&#8221; theme_builder_area=&#8221;post_content&#8221;][\/et_pb_image][\/et_pb_column][et_pb_column type=&#8221;1_2&#8243; specialty_columns=&#8221;2&#8243; _builder_version=&#8221;4.16&#8243; custom_padding=&#8221;|||&#8221; global_colors_info=&#8221;{}&#8221; custom_padding__hover=&#8221;|||&#8221; theme_builder_area=&#8221;post_content&#8221;][et_pb_row_inner _builder_version=&#8221;4.25.0&#8243; _module_preset=&#8221;default&#8221; global_colors_info=&#8221;{}&#8221; theme_builder_area=&#8221;post_content&#8221;][et_pb_column_inner saved_specialty_column_type=&#8221;1_2&#8243; _builder_version=&#8221;4.25.0&#8243; _module_preset=&#8221;default&#8221; global_colors_info=&#8221;{}&#8221; theme_builder_area=&#8221;post_content&#8221;][et_pb_image src=&#8221;https:\/\/hotelinspiration.com\/wp-content\/uploads\/2024\/05\/Kert-Glaudia_HotelInspiration.jpg&#8221; title_text=&#8221;Kert-Glaudia_HotelInspiration&#8221; align=&#8221;center&#8221; _builder_version=&#8221;4.25.0&#8243; _module_preset=&#8221;default&#8221; global_colors_info=&#8221;{}&#8221; theme_builder_area=&#8221;post_content&#8221;][\/et_pb_image][et_pb_image src=&#8221;https:\/\/hotelinspiration.com\/wp-content\/uploads\/2024\/10\/Von-Herzen-Wilkommen.jpg&#8221; title_text=&#8221;Von Herzen Wilkommen&#8221; align=&#8221;center&#8221; _builder_version=&#8221;4.25.0&#8243; _module_preset=&#8221;default&#8221; global_colors_info=&#8221;{}&#8221; theme_builder_area=&#8221;post_content&#8221;][\/et_pb_image][\/et_pb_column_inner][\/et_pb_row_inner][et_pb_row_inner column_structure=&#8221;1_3,1_3,1_3&#8243; _builder_version=&#8221;4.25.0&#8243; _module_preset=&#8221;default&#8221; global_colors_info=&#8221;{}&#8221; theme_builder_area=&#8221;post_content&#8221;][et_pb_column_inner type=&#8221;1_3&#8243; saved_specialty_column_type=&#8221;1_2&#8243; _builder_version=&#8221;4.25.0&#8243; _module_preset=&#8221;default&#8221; global_colors_info=&#8221;{}&#8221; theme_builder_area=&#8221;post_content&#8221;][et_pb_blurb title=&#8221;Design Zimmer&#8221; url=&#8221;https:\/\/hotelinspiration.com\/?page_id=589&#8243; url_new_window=&#8221;on&#8221; image=&#8221;https:\/\/hotelinspiration.com\/wp-content\/uploads\/2024\/10\/Tan-Art-by-logo.jpg&#8221; _builder_version=&#8221;4.25.0&#8243; _module_preset=&#8221;default&#8221; box_shadow_style=&#8221;preset1&#8243; box_shadow_color=&#8221;#E09900&#8243; global_colors_info=&#8221;{}&#8221; theme_builder_area=&#8221;post_content&#8221;]<\/p>\n<p>W\u00e4hle Ihre lieblingszimmer!<\/p>\n<p>[\/et_pb_blurb][\/et_pb_column_inner][et_pb_column_inner type=&#8221;1_3&#8243; saved_specialty_column_type=&#8221;1_2&#8243; _builder_version=&#8221;4.25.0&#8243; _module_preset=&#8221;default&#8221; global_colors_info=&#8221;{}&#8221; theme_builder_area=&#8221;post_content&#8221;][et_pb_blurb title=&#8221;Preise&#8221; url=&#8221;https:\/\/hotelinspiration.com\/?page_id=1075&#8243; url_new_window=&#8221;on&#8221; image=&#8221;https:\/\/hotelinspiration.com\/wp-content\/uploads\/2024\/10\/Tan-Art-by-logo.jpg&#8221; _builder_version=&#8221;4.25.0&#8243; _module_preset=&#8221;default&#8221; box_shadow_style=&#8221;preset1&#8243; box_shadow_color=&#8221;#E09900&#8243; global_colors_info=&#8221;{}&#8221; theme_builder_area=&#8221;post_content&#8221;]<\/p>\n<p>Quick Preise List auf eine seite.<\/p>\n<p>[\/et_pb_blurb][\/et_pb_column_inner][et_pb_column_inner type=&#8221;1_3&#8243; saved_specialty_column_type=&#8221;1_2&#8243; _builder_version=&#8221;4.25.0&#8243; _module_preset=&#8221;default&#8221; global_colors_info=&#8221;{}&#8221; theme_builder_area=&#8221;post_content&#8221;][et_pb_blurb title=&#8221;Tagung und Seminare&#8221; url=&#8221;https:\/\/hotelinspiration.com\/?page_id=645&#8243; url_new_window=&#8221;on&#8221; image=&#8221;https:\/\/hotelinspiration.com\/wp-content\/uploads\/2024\/10\/Tan-Art-by-logo.jpg&#8221; _builder_version=&#8221;4.25.0&#8243; _module_preset=&#8221;default&#8221; box_shadow_style=&#8221;preset1&#8243; box_shadow_color=&#8221;#E09900&#8243; global_colors_info=&#8221;{}&#8221; theme_builder_area=&#8221;post_content&#8221;]<\/p>\n<p>Plan Ihre n\u00e4chste Tagung\/Seminar.<\/p>\n<p>[\/et_pb_blurb][\/et_pb_column_inner][\/et_pb_row_inner][et_pb_row_inner column_structure=&#8221;1_3,1_3,1_3&#8243; _builder_version=&#8221;4.25.0&#8243; _module_preset=&#8221;default&#8221; global_colors_info=&#8221;{}&#8221; theme_builder_area=&#8221;post_content&#8221;][et_pb_column_inner type=&#8221;1_3&#8243; saved_specialty_column_type=&#8221;1_2&#8243; _builder_version=&#8221;4.25.0&#8243; _module_preset=&#8221;default&#8221; global_colors_info=&#8221;{}&#8221; theme_builder_area=&#8221;post_content&#8221;][et_pb_blurb title=&#8221;Fr\u00fchst\u00fcck&#8221; url=&#8221;https:\/\/hotelinspiration.com\/?page_id=870&#8243; url_new_window=&#8221;on&#8221; image=&#8221;https:\/\/hotelinspiration.com\/wp-content\/uploads\/2024\/10\/Tan-Art-by-logo.jpg&#8221; _builder_version=&#8221;4.25.0&#8243; _module_preset=&#8221;default&#8221; box_shadow_style=&#8221;preset1&#8243; box_shadow_color=&#8221;#E09900&#8243; global_colors_info=&#8221;{}&#8221; theme_builder_area=&#8221;post_content&#8221;]<\/p>\n<p>Shau unser hoch bewertete Fr\u00fchst\u00fcck an!<\/p>\n<p>[\/et_pb_blurb][\/et_pb_column_inner][et_pb_column_inner type=&#8221;1_3&#8243; saved_specialty_column_type=&#8221;1_2&#8243; _builder_version=&#8221;4.25.0&#8243; _module_preset=&#8221;default&#8221; global_colors_info=&#8221;{}&#8221; theme_builder_area=&#8221;post_content&#8221;][et_pb_blurb title=&#8221;Gastgeber&#8221; url=&#8221;https:\/\/hotelinspiration.com\/?page_id=713&#8243; url_new_window=&#8221;on&#8221; image=&#8221;https:\/\/hotelinspiration.com\/wp-content\/uploads\/2024\/10\/Tan-Art-by-logo.jpg&#8221; _builder_version=&#8221;4.25.0&#8243; _module_preset=&#8221;default&#8221; box_shadow_style=&#8221;preset1&#8243; box_shadow_color=&#8221;#E09900&#8243; global_colors_info=&#8221;{}&#8221; theme_builder_area=&#8221;post_content&#8221;]<\/p>\n<p>Kehrt und Glaudia Chestnut &#8211; Hoteliers<\/p>\n<p>[\/et_pb_blurb][\/et_pb_column_inner][et_pb_column_inner type=&#8221;1_3&#8243; saved_specialty_column_type=&#8221;1_2&#8243; _builder_version=&#8221;4.25.0&#8243; _module_preset=&#8221;default&#8221; global_colors_info=&#8221;{}&#8221; theme_builder_area=&#8221;post_content&#8221;][et_pb_blurb title=&#8221;Hotel im Rupertiwinkel&#8221; url=&#8221;https:\/\/hotelinspiration.com\/?page_id=723&#8243; url_new_window=&#8221;on&#8221; image=&#8221;https:\/\/hotelinspiration.com\/wp-content\/uploads\/2024\/10\/Tan-Art-by-logo.jpg&#8221; _builder_version=&#8221;4.25.0&#8243; _module_preset=&#8221;default&#8221; box_shadow_style=&#8221;preset1&#8243; box_shadow_color=&#8221;#E09900&#8243; global_colors_info=&#8221;{}&#8221; theme_builder_area=&#8221;post_content&#8221;]<\/p>\n<p>Kennenlernen unser historische w\u00fcndersch\u00f6ne gegen!<\/p>\n<p>[\/et_pb_blurb][\/et_pb_column_inner][\/et_pb_row_inner][et_pb_row_inner _builder_version=&#8221;4.25.0&#8243; _module_preset=&#8221;default&#8221; global_colors_info=&#8221;{}&#8221; theme_builder_area=&#8221;post_content&#8221;][et_pb_column_inner saved_specialty_column_type=&#8221;1_2&#8243; _builder_version=&#8221;4.25.0&#8243; _module_preset=&#8221;default&#8221; global_colors_info=&#8221;{}&#8221; theme_builder_area=&#8221;post_content&#8221;][et_pb_blurb title=&#8221;Online-Buchung&#8221; url=&#8221;https:\/\/hotelinspiration.com\/?page_id=910&#8243; url_new_window=&#8221;on&#8221; image=&#8221;https:\/\/hotelinspiration.com\/wp-content\/uploads\/2024\/10\/logo-transparent-N.png&#8221; _builder_version=&#8221;4.25.0&#8243; _module_preset=&#8221;default&#8221; header_text_align=&#8221;center&#8221; body_text_align=&#8221;center&#8221; box_shadow_style=&#8221;preset1&#8243; box_shadow_color=&#8221;#E09900&#8243; global_colors_info=&#8221;{}&#8221; theme_builder_area=&#8221;post_content&#8221;]<\/p>\n<p>Click HIER zum ubernachten bei uns mit ein erwartung:\u00a0 &#8220;inspirierte ruhe&#8221;.<\/p>\n<p>[\/et_pb_blurb][\/et_pb_column_inner][\/et_pb_row_inner][et_pb_row_inner column_structure=&#8221;1_2,1_2&#8243; _builder_version=&#8221;4.25.0&#8243; _module_preset=&#8221;default&#8221; global_colors_info=&#8221;{}&#8221; theme_builder_area=&#8221;post_content&#8221;][et_pb_column_inner type=&#8221;1_2&#8243; saved_specialty_column_type=&#8221;1_2&#8243; _builder_version=&#8221;4.25.0&#8243; _module_preset=&#8221;default&#8221; global_colors_info=&#8221;{}&#8221; theme_builder_area=&#8221;post_content&#8221;][et_pb_blurb title=&#8221;Datenschutzerkl\u00e4rung&#8221; url=&#8221;https:\/\/hotelinspiration.com\/?page_id=1709&#8243; url_new_window=&#8221;on&#8221; image=&#8221;https:\/\/hotelinspiration.com\/wp-content\/uploads\/2024\/10\/Tan-Art-by-logo.jpg&#8221; _builder_version=&#8221;4.25.0&#8243; _module_preset=&#8221;default&#8221; header_text_align=&#8221;left&#8221; box_shadow_style=&#8221;preset1&#8243; box_shadow_color=&#8221;#E09900&#8243; global_colors_info=&#8221;{}&#8221; theme_builder_area=&#8221;post_content&#8221;]<\/p>\n<p>Alles Klar!<\/p>\n<p>[\/et_pb_blurb][\/et_pb_column_inner][et_pb_column_inner type=&#8221;1_2&#8243; saved_specialty_column_type=&#8221;1_2&#8243; _builder_version=&#8221;4.25.0&#8243; _module_preset=&#8221;default&#8221; global_colors_info=&#8221;{}&#8221; theme_builder_area=&#8221;post_content&#8221;][et_pb_blurb title=&#8221;Impressum&#8221; url=&#8221;https:\/\/hotelinspiration.com\/?page_id=1724&#8243; url_new_window=&#8221;on&#8221; image=&#8221;https:\/\/hotelinspiration.com\/wp-content\/uploads\/2024\/10\/Tan-Art-by-logo.jpg&#8221; _builder_version=&#8221;4.25.0&#8243; _module_preset=&#8221;default&#8221; box_shadow_style=&#8221;preset1&#8243; box_shadow_color=&#8221;#E09900&#8243; global_colors_info=&#8221;{}&#8221; theme_builder_area=&#8221;post_content&#8221;][\/et_pb_blurb][\/et_pb_column_inner][\/et_pb_row_inner][\/et_pb_column][et_pb_column type=&#8221;1_4&#8243; _builder_version=&#8221;4.16&#8243; custom_padding=&#8221;|||&#8221; global_colors_info=&#8221;{}&#8221; custom_padding__hover=&#8221;|||&#8221; theme_builder_area=&#8221;post_content&#8221;][et_pb_image src=&#8221;https:\/\/hotelinspiration.com\/wp-content\/uploads\/2024\/10\/Hotel-Inspiration-Karte-and-Night-Time.jpg&#8221; title_text=&#8221;Hotel Inspiration Karte and Night Time&#8221; align=&#8221;center&#8221; _builder_version=&#8221;4.25.0&#8243; _module_preset=&#8221;default&#8221; box_shadow_style=&#8221;preset6&#8243; box_shadow_color=&#8221;#E09900&#8243; global_colors_info=&#8221;{}&#8221; theme_builder_area=&#8221;post_content&#8221;][\/et_pb_image][et_pb_image src=&#8221;https:\/\/hotelinspiration.com\/wp-content\/uploads\/2024\/09\/DSC4765-1.jpg&#8221; title_text=&#8221;_DSC4765&#8243; align=&#8221;center&#8221; _builder_version=&#8221;4.25.0&#8243; _module_preset=&#8221;default&#8221; box_shadow_style=&#8221;preset6&#8243; box_shadow_color=&#8221;#E09900&#8243; global_colors_info=&#8221;{}&#8221; theme_builder_area=&#8221;post_content&#8221;][\/et_pb_image][\/et_pb_column][\/et_pb_section]<\/p>\n","protected":false},"excerpt":{"rendered":"<p>Unsere Ateliers haben Platz f\u00fcr bis zu zehn Personen. Unsere moderne Ferienwohnung ist sehr gro\u00dfz\u00fcgig im offenen Design gehalten und verf\u00fcgt \u00fcber einen gro\u00dfen Balkon mit Bergblick.Atelier 336 f\u00fcr bis zu zehn PersonenAtelier 340 f\u00fcr bis zu zehn PersonenFerienwohnung mit zwei SchlafzimmernW\u00e4hle Ihre lieblingszimmer!Quick Preise List auf eine seite.Plan Ihre n\u00e4chste Tagung\/Seminar.Shau unser hoch bewertete [&hellip;]<\/p>\n","protected":false},"author":1,"featured_media":0,"parent":0,"menu_order":0,"comment_status":"closed","ping_status":"closed","template":"","meta":{"_et_pb_use_builder":"on","_et_pb_old_content":"","_et_gb_content_width":"","footnotes":""},"class_list":["post-1923","page","type-page","status-publish","hentry"],"_links":{"self":[{"href":"https:\/\/hotelinspiration.com\/index.php?rest_route=\/wp\/v2\/pages\/1923","targetHints":{"allow":["GET"]}}],"collection":[{"href":"https:\/\/hotelinspiration.com\/index.php?rest_route=\/wp\/v2\/pages"}],"about":[{"href":"https:\/\/hotelinspiration.com\/index.php?rest_route=\/wp\/v2\/types\/page"}],"author":[{"embeddable":true,"href":"https:\/\/hotelinspiration.com\/index.php?rest_route=\/wp\/v2\/users\/1"}],"replies":[{"embeddable":true,"href":"https:\/\/hotelinspiration.com\/index.php?rest_route=%2Fwp%2Fv2%2Fcomments&post=1923"}],"version-history":[{"count":2,"href":"https:\/\/hotelinspiration.com\/index.php?rest_route=\/wp\/v2\/pages\/1923\/revisions"}],"predecessor-version":[{"id":1926,"href":"https:\/\/hotelinspiration.com\/index.php?rest_route=\/wp\/v2\/pages\/1923\/revisions\/1926"}],"wp:attachment":[{"href":"https:\/\/hotelinspiration.com\/index.php?rest_route=%2Fwp%2Fv2%2Fmedia&parent=1923"}],"curies":[{"name":"wp","href":"https:\/\/api.w.org\/{rel}","templated":true}]}}