{"id":589,"date":"2024-10-01T12:24:29","date_gmt":"2024-10-01T12:24:29","guid":{"rendered":"https:\/\/hotelinspiration.com\/?page_id=589"},"modified":"2026-04-12T09:02:03","modified_gmt":"2026-04-12T09:02:03","slug":"design-zimmer","status":"publish","type":"page","link":"https:\/\/hotelinspiration.com\/?page_id=589","title":{"rendered":"Design Zimmer"},"content":{"rendered":"<p>[et_pb_section fb_built=&#8221;1&#8243; _builder_version=&#8221;4.25.0&#8243; _module_preset=&#8221;default&#8221; background_image=&#8221;https:\/\/hotelinspiration.com\/wp-content\/uploads\/2024\/10\/DSC5325.jpg&#8221; global_colors_info=&#8221;{}&#8221;][et_pb_row _builder_version=&#8221;4.25.0&#8243; _module_preset=&#8221;default&#8221; global_colors_info=&#8221;{}&#8221;][et_pb_column type=&#8221;4_4&#8243; _builder_version=&#8221;4.25.0&#8243; _module_preset=&#8221;default&#8221; global_colors_info=&#8221;{}&#8221;][et_pb_image src=&#8221;https:\/\/hotelinspiration.com\/wp-content\/uploads\/2024\/10\/logo-transparent-N.png&#8221; title_text=&#8221;logo-transparent N&#8221; align=&#8221;center&#8221; _builder_version=&#8221;4.25.0&#8243; _module_preset=&#8221;default&#8221; global_colors_info=&#8221;{}&#8221;][\/et_pb_image][\/et_pb_column][\/et_pb_row][\/et_pb_section][et_pb_section fb_built=&#8221;1&#8243; _builder_version=&#8221;4.25.0&#8243; _module_preset=&#8221;default&#8221; background_image=&#8221;https:\/\/hotelinspiration.com\/wp-content\/uploads\/2024\/10\/Von-Herzen-Wilkommen.jpg&#8221; global_colors_info=&#8221;{}&#8221;][et_pb_row _builder_version=&#8221;4.25.0&#8243; _module_preset=&#8221;default&#8221; global_colors_info=&#8221;{}&#8221;][et_pb_column type=&#8221;4_4&#8243; _builder_version=&#8221;4.25.0&#8243; _module_preset=&#8221;default&#8221; global_colors_info=&#8221;{}&#8221;][et_pb_text module_id=&#8221;quick&#8221; _builder_version=&#8221;4.27.5&#8243; _module_preset=&#8221;default&#8221; header_font=&#8221;Arial||||||||&#8221; header_text_align=&#8221;center&#8221; header_text_color=&#8221;#E09900&#8243; header_font_size=&#8221;40px&#8221; header_text_shadow_style=&#8221;preset2&#8243; global_colors_info=&#8221;{}&#8221;]<\/p>\n<h1 style=\"text-align: center;\">Ihr Lieblingszimmer<\/h1>\n<p>[\/et_pb_text][\/et_pb_column][\/et_pb_row][et_pb_row column_structure=&#8221;1_3,1_3,1_3&#8243; _builder_version=&#8221;4.25.0&#8243; _module_preset=&#8221;default&#8221; global_colors_info=&#8221;{}&#8221;][et_pb_column type=&#8221;1_3&#8243; _builder_version=&#8221;4.25.0&#8243; _module_preset=&#8221;default&#8221; global_colors_info=&#8221;{}&#8221;][et_pb_text _builder_version=&#8221;4.27.5&#8243; _module_preset=&#8221;default&#8221; header_2_font=&#8221;Arial||||||||&#8221; link_option_url=&#8221;https:\/\/hotelinspiration.com\/?page_id=1927&#8243; link_option_url_new_window=&#8221;on&#8221; global_colors_info=&#8221;{}&#8221;]<\/p>\n<h2 style=\"text-align: center;\"><a href=\"https:\/\/hotelinspiration.com\/?page_id=1927\" target=\"_blank\" rel=\"noopener\">Erdgeschoss<\/a><a href=\"https:\/\/hotelinspiration.com\/?page_id=1927\" target=\"_blank\" rel=\"noopener\"><\/a><\/h2>\n<p>[\/et_pb_text][\/et_pb_column][et_pb_column type=&#8221;1_3&#8243; _builder_version=&#8221;4.25.0&#8243; _module_preset=&#8221;default&#8221; global_colors_info=&#8221;{}&#8221;][et_pb_text _builder_version=&#8221;4.27.5&#8243; _module_preset=&#8221;default&#8221; header_2_font=&#8221;Arial||||||||&#8221; link_option_url=&#8221;https:\/\/hotelinspiration.com\/?page_id=1931&#8243; link_option_url_new_window=&#8221;on&#8221; global_colors_info=&#8221;{}&#8221;]<\/p>\n<h2 style=\"text-align: center;\"><a href=\"https:\/\/hotelinspiration.com\/?page_id=1931\" target=\"_blank\" rel=\"noopener\">Erste Etage<\/a><\/h2>\n<p style=\"text-align: center;\"><a href=\"https:\/\/hotelinspiration.com\/?page_id=1931\" target=\"_blank\" rel=\"noopener\"><\/a><\/p>\n<p>[\/et_pb_text][\/et_pb_column][et_pb_column type=&#8221;1_3&#8243; _builder_version=&#8221;4.25.0&#8243; _module_preset=&#8221;default&#8221; global_colors_info=&#8221;{}&#8221;][et_pb_text _builder_version=&#8221;4.27.5&#8243; _module_preset=&#8221;default&#8221; header_2_font=&#8221;Arial||||||||&#8221; link_option_url=&#8221;https:\/\/hotelinspiration.com\/?page_id=1935&#8243; link_option_url_new_window=&#8221;on&#8221; global_colors_info=&#8221;{}&#8221;]<\/p>\n<h2 style=\"text-align: center;\"><a href=\"https:\/\/hotelinspiration.com\/?page_id=1935\" target=\"_blank\" rel=\"noopener\">Zweite Ertage<\/a><\/h2>\n<p style=\"text-align: center;\"><a href=\"https:\/\/hotelinspiration.com\/?page_id=1935\" target=\"_blank\" rel=\"noopener\"><\/a><\/p>\n<p>[\/et_pb_text][\/et_pb_column][\/et_pb_row][et_pb_row column_structure=&#8221;1_6,1_6,1_6,1_6,1_6,1_6&#8243; _builder_version=&#8221;4.25.0&#8243; _module_preset=&#8221;default&#8221; global_colors_info=&#8221;{}&#8221;][et_pb_column type=&#8221;1_6&#8243; _builder_version=&#8221;4.25.0&#8243; _module_preset=&#8221;default&#8221; global_colors_info=&#8221;{}&#8221;][et_pb_text _builder_version=&#8221;4.27.5&#8243; _module_preset=&#8221;default&#8221; link_option_url=&#8221;https:\/\/hotelinspiration.com\/?page_id=1901&#8243; link_option_url_new_window=&#8221;on&#8221; hover_enabled=&#8221;0&#8243; global_colors_info=&#8221;{}&#8221; header_2_font=&#8221;Arial||||||||&#8221; sticky_enabled=&#8221;0&#8243;]<\/p>\n<h2 style=\"text-align: center;\"><a href=\"https:\/\/hotelinspiration.com\/?page_id=1901\" target=\"_blank\" rel=\"noopener\">Zimmer mit Bergblick<\/a><\/h2>\n<p style=\"text-align: center;\"><a href=\"https:\/\/hotelinspiration.com\/?page_id=1901\" target=\"_blank\" rel=\"noopener\"><\/a><\/p>\n<p>[\/et_pb_text][\/et_pb_column][et_pb_column type=&#8221;1_6&#8243; _builder_version=&#8221;4.25.0&#8243; _module_preset=&#8221;default&#8221; global_colors_info=&#8221;{}&#8221;][et_pb_text _builder_version=&#8221;4.27.5&#8243; _module_preset=&#8221;default&#8221; link_option_url=&#8221;https:\/\/hotelinspiration.com\/?page_id=1906&#8243; link_option_url_new_window=&#8221;on&#8221; hover_enabled=&#8221;0&#8243; global_colors_info=&#8221;{}&#8221; header_2_font=&#8221;Arial||||||||&#8221; sticky_enabled=&#8221;0&#8243;]<\/p>\n<h2 style=\"text-align: center;\"><a href=\"https:\/\/hotelinspiration.com\/?page_id=1906\" target=\"_blank\" rel=\"noopener\">Business Zimmer<\/a><\/h2>\n<p style=\"text-align: center;\"><a href=\"https:\/\/hotelinspiration.com\/?page_id=1906\" target=\"_blank\" rel=\"noopener\"><\/a><\/p>\n<p>[\/et_pb_text][\/et_pb_column][et_pb_column type=&#8221;1_6&#8243; _builder_version=&#8221;4.25.0&#8243; _module_preset=&#8221;default&#8221; global_colors_info=&#8221;{}&#8221;][et_pb_text _builder_version=&#8221;4.27.5&#8243; _module_preset=&#8221;default&#8221; link_option_url=&#8221;https:\/\/hotelinspiration.com\/?page_id=1910&#8243; link_option_url_new_window=&#8221;on&#8221; hover_enabled=&#8221;0&#8243; global_colors_info=&#8221;{}&#8221; header_2_font=&#8221;Arial||||||||&#8221; sticky_enabled=&#8221;0&#8243;]<\/p>\n<h2 style=\"text-align: center;\"><a href=\"https:\/\/hotelinspiration.com\/?page_id=1910\" target=\"_blank\" rel=\"noopener\">Junior Suites<\/a><\/h2>\n<p style=\"text-align: center;\"><a href=\"https:\/\/hotelinspiration.com\/?page_id=1910\" target=\"_blank\" rel=\"noopener\"><\/a><\/p>\n<p>[\/et_pb_text][\/et_pb_column][et_pb_column type=&#8221;1_6&#8243; _builder_version=&#8221;4.25.0&#8243; _module_preset=&#8221;default&#8221; global_colors_info=&#8221;{}&#8221;][et_pb_text _builder_version=&#8221;4.27.5&#8243; _module_preset=&#8221;default&#8221; link_option_url=&#8221;https:\/\/hotelinspiration.com\/?page_id=1915&#8243; link_option_url_new_window=&#8221;on&#8221; hover_enabled=&#8221;0&#8243; global_colors_info=&#8221;{}&#8221; header_2_font=&#8221;Arial||||||||&#8221; sticky_enabled=&#8221;0&#8243;]<\/p>\n<h2 style=\"text-align: center;\"><a href=\"https:\/\/hotelinspiration.com\/?page_id=1915\" target=\"_blank\" rel=\"noopener\">Familien Zimmer<\/a><\/h2>\n<p style=\"text-align: center;\"><a href=\"https:\/\/hotelinspiration.com\/?page_id=1915\" target=\"_blank\" rel=\"noopener\"><\/a><\/p>\n<p>[\/et_pb_text][\/et_pb_column][et_pb_column type=&#8221;1_6&#8243; _builder_version=&#8221;4.25.0&#8243; _module_preset=&#8221;default&#8221; global_colors_info=&#8221;{}&#8221;][et_pb_text _builder_version=&#8221;4.27.5&#8243; _module_preset=&#8221;default&#8221; link_option_url=&#8221;https:\/\/hotelinspiration.com\/?page_id=1919&#8243; hover_enabled=&#8221;0&#8243; global_colors_info=&#8221;{}&#8221; header_2_font=&#8221;Arial||||||||&#8221; sticky_enabled=&#8221;0&#8243;]<\/p>\n<h2 style=\"text-align: center;\"><a href=\"https:\/\/hotelinspiration.com\/?page_id=1919\" target=\"_blank\" rel=\"noopener\">Zimmer barrierefrei<\/a><\/h2>\n<p style=\"text-align: center;\"><a href=\"https:\/\/hotelinspiration.com\/?page_id=1919\" target=\"_blank\" rel=\"noopener\"><\/a><\/p>\n<p>[\/et_pb_text][\/et_pb_column][et_pb_column type=&#8221;1_6&#8243; _builder_version=&#8221;4.25.0&#8243; _module_preset=&#8221;default&#8221; global_colors_info=&#8221;{}&#8221;][et_pb_text _builder_version=&#8221;4.27.5&#8243; _module_preset=&#8221;default&#8221; link_option_url=&#8221;https:\/\/hotelinspiration.com\/?page_id=1923&#8243; link_option_url_new_window=&#8221;on&#8221; hover_enabled=&#8221;0&#8243; global_colors_info=&#8221;{}&#8221; header_2_font=&#8221;Arial||||||||&#8221; sticky_enabled=&#8221;0&#8243;]<\/p>\n<h2 style=\"text-align: center;\"><a href=\"https:\/\/hotelinspiration.com\/?page_id=1923\" target=\"_blank\" rel=\"noopener\">Gruppen Zimmer<\/a><\/h2>\n<p style=\"text-align: center;\"><a href=\"https:\/\/hotelinspiration.com\/?page_id=1923\" target=\"_blank\" rel=\"noopener\"><\/a><\/p>\n<p>[\/et_pb_text][\/et_pb_column][\/et_pb_row][\/et_pb_section][et_pb_section fb_built=&#8221;1&#8243; fullwidth=&#8221;on&#8221; _builder_version=&#8221;4.25.0&#8243; _module_preset=&#8221;default&#8221; global_colors_info=&#8221;{}&#8221;][et_pb_fullwidth_header title=&#8221;Design-Zimmer&#8221; text_orientation=&#8221;center&#8221; button_one_url=&#8221;#quick&#8221; _builder_version=&#8221;4.27.4&#8243; _module_preset=&#8221;default&#8221; title_text_color=&#8221;#F0B800&#8243; title_font_size=&#8221;100px&#8221; background_image=&#8221;https:\/\/hotelinspiration.com\/wp-content\/uploads\/2024\/10\/Von-Herzen-Wilkommen.jpg&#8221; parallax=&#8221;on&#8221; title_text_shadow_style=&#8221;preset2&#8243; global_colors_info=&#8221;{}&#8221;][\/et_pb_fullwidth_header][et_pb_fullwidth_header text_orientation=&#8221;center&#8221; _builder_version=&#8221;4.27.4&#8243; _module_preset=&#8221;default&#8221; title_text_align=&#8221;center&#8221; title_font_size=&#8221;44px&#8221; content_text_align=&#8221;center&#8221; content_font_size=&#8221;22px&#8221; background_image=&#8221;https:\/\/hotelinspiration.com\/wp-content\/uploads\/2024\/10\/DSC4588.jpg&#8221; parallax=&#8221;on&#8221; content_text_shadow_style=&#8221;preset2&#8243; content_text_shadow_color=&#8221;#000000&#8243; text_shadow_style=&#8221;preset2&#8243; global_colors_info=&#8221;{}&#8221;]<\/p>\n<p>Viele Gesch\u00e4ftsreisende kommen immer wieder in Hotel Inspiration.<\/p>\n<p>&nbsp;<\/p>\n<p>Sie haben uns als Ihre \u201eBayerische Perle\u201c im Chiemgau gefunden, ihr \u201eDaheim, weg von Zuhause\u201c nach einer oftmals lange Reise.<\/p>\n<p>&nbsp;<\/p>\n<p>&#8220;Bei euch im Hotel Inspiration werde ich nicht vom Stra\u00dfenl\u00e4rm geweckt, sondern von den V\u00f6geln.&#8221;<\/p>\n<p>&nbsp;<\/p>\n<p>So dr\u00fccken es G\u00e4ste immer wieder treffend aus.<\/p>\n<p>&nbsp;<\/p>\n<p>W\u00e4hlen Sie Ihr Lieblingszimmer. 29 individuell eingerichtete Zimmer warten darauf, von Ihnen entdeckt zu werden.<\/p>\n<p>&nbsp;<\/p>\n<p>M\u00fcssen Sie noch arbeiten, k\u00f6nnen Sie kabel-und-komplikationslos ins Internet einloggen.<\/p>\n<p>&nbsp;<\/p>\n<p>Genie\u00dfen Sie entspannt das fehlerabendliche Fernsehprogramm mit unseren Flat-Screen-TV\u2019s von 100 cm (40 inch) Bildschirmdiagonale.<\/p>\n<p>&nbsp;<\/p>\n<p>Bis bald. Wir freuen uns auf Sie.<\/p>\n<p><span style=\"color: #ff9900;\">Ihre Gastgeber<\/span><\/p>\n<p><span style=\"color: #ff9900;\">Kehrt &amp; Glaudia Chestnut<\/span><\/p>\n<p>[\/et_pb_fullwidth_header][\/et_pb_section][et_pb_section fb_built=&#8221;1&#8243; fullwidth=&#8221;on&#8221; _builder_version=&#8221;4.25.0&#8243; _module_preset=&#8221;default&#8221; global_colors_info=&#8221;{}&#8221;][et_pb_fullwidth_image src=&#8221;https:\/\/hotelinspiration.com\/wp-content\/uploads\/2024\/09\/DSC5243.jpg&#8221; title_text=&#8221;_DSC5243&#8243; _builder_version=&#8221;4.25.0&#8243; _module_preset=&#8221;default&#8221; global_colors_info=&#8221;{}&#8221;][\/et_pb_fullwidth_image][\/et_pb_section]<\/p>\n","protected":false},"excerpt":{"rendered":"<p>Ihr LieblingszimmerErdgeschossErste Etage Zweite Ertage Zimmer mit Bergblick Business Zimmer Junior Suites Familien Zimmer Zimmer barrierefrei Gruppen Zimmer Viele Gesch\u00e4ftsreisende kommen immer wieder in Hotel Inspiration. &nbsp; Sie haben uns als Ihre \u201eBayerische Perle\u201c im Chiemgau gefunden, ihr \u201eDaheim, weg von Zuhause\u201c nach einer oftmals lange Reise. &nbsp; &#8220;Bei euch im Hotel Inspiration werde ich [&hellip;]<\/p>\n","protected":false},"author":1,"featured_media":0,"parent":0,"menu_order":0,"comment_status":"closed","ping_status":"closed","template":"","meta":{"_et_pb_use_builder":"on","_et_pb_old_content":"","_et_gb_content_width":"","footnotes":""},"class_list":["post-589","page","type-page","status-publish","hentry"],"_links":{"self":[{"href":"https:\/\/hotelinspiration.com\/index.php?rest_route=\/wp\/v2\/pages\/589","targetHints":{"allow":["GET"]}}],"collection":[{"href":"https:\/\/hotelinspiration.com\/index.php?rest_route=\/wp\/v2\/pages"}],"about":[{"href":"https:\/\/hotelinspiration.com\/index.php?rest_route=\/wp\/v2\/types\/page"}],"author":[{"embeddable":true,"href":"https:\/\/hotelinspiration.com\/index.php?rest_route=\/wp\/v2\/users\/1"}],"replies":[{"embeddable":true,"href":"https:\/\/hotelinspiration.com\/index.php?rest_route=%2Fwp%2Fv2%2Fcomments&post=589"}],"version-history":[{"count":176,"href":"https:\/\/hotelinspiration.com\/index.php?rest_route=\/wp\/v2\/pages\/589\/revisions"}],"predecessor-version":[{"id":2007,"href":"https:\/\/hotelinspiration.com\/index.php?rest_route=\/wp\/v2\/pages\/589\/revisions\/2007"}],"wp:attachment":[{"href":"https:\/\/hotelinspiration.com\/index.php?rest_route=%2Fwp%2Fv2%2Fmedia&parent=589"}],"curies":[{"name":"wp","href":"https:\/\/api.w.org\/{rel}","templated":true}]}}