{"id":645,"date":"2024-10-01T15:14:47","date_gmt":"2024-10-01T15:14:47","guid":{"rendered":"https:\/\/hotelinspiration.com\/?page_id=645"},"modified":"2026-02-02T14:25:53","modified_gmt":"2026-02-02T14:25:53","slug":"tagung-und-seminare","status":"publish","type":"page","link":"https:\/\/hotelinspiration.com\/?page_id=645","title":{"rendered":"Tagung und Seminare"},"content":{"rendered":"<p>[et_pb_section fb_built=&#8221;1&#8243; _builder_version=&#8221;4.25.0&#8243; _module_preset=&#8221;default&#8221; background_image=&#8221;https:\/\/hotelinspiration.com\/wp-content\/uploads\/2024\/10\/DSC4853.jpg&#8221; global_colors_info=&#8221;{}&#8221;][et_pb_row _builder_version=&#8221;4.25.0&#8243; _module_preset=&#8221;default&#8221; global_colors_info=&#8221;{}&#8221;][et_pb_column type=&#8221;4_4&#8243; _builder_version=&#8221;4.25.0&#8243; _module_preset=&#8221;default&#8221; global_colors_info=&#8221;{}&#8221;][et_pb_image src=&#8221;https:\/\/hotelinspiration.com\/wp-content\/uploads\/2024\/10\/logo-transparent-N.png&#8221; title_text=&#8221;logo-transparent N&#8221; align=&#8221;center&#8221; _builder_version=&#8221;4.25.0&#8243; _module_preset=&#8221;default&#8221; global_colors_info=&#8221;{}&#8221;][\/et_pb_image][\/et_pb_column][\/et_pb_row][\/et_pb_section][et_pb_section fb_built=&#8221;1&#8243; fullwidth=&#8221;on&#8221; _builder_version=&#8221;4.25.0&#8243; _module_preset=&#8221;default&#8221; global_colors_info=&#8221;{}&#8221;][et_pb_fullwidth_header title=&#8221;Tagungen Seminare&#8221; text_orientation=&#8221;center&#8221; _builder_version=&#8221;4.27.5&#8243; _module_preset=&#8221;default&#8221; title_text_color=&#8221;#F0B800&#8243; title_font_size=&#8221;100px&#8221; background_image=&#8221;https:\/\/hotelinspiration.com\/wp-content\/uploads\/2024\/09\/DSC5314.jpg&#8221; parallax=&#8221;on&#8221; hover_enabled=&#8221;0&#8243; title_text_shadow_style=&#8221;preset2&#8243; global_colors_info=&#8221;{}&#8221; sticky_enabled=&#8221;0&#8243;][\/et_pb_fullwidth_header][et_pb_fullwidth_header title=&#8221;Business-Hotel in S\u00fcdostbayern&#8221; subhead=&#8221;Von Herzen willkommen!&#8221; text_orientation=&#8221;center&#8221; logo_image_url=&#8221;https:\/\/hotelinspiration.com\/wp-content\/uploads\/2024\/10\/Hote-Inspiration-logo.gif&#8221; _builder_version=&#8221;4.27.5&#8243; _module_preset=&#8221;default&#8221; title_level=&#8221;h2&#8243; title_text_color=&#8221;#FFFFFF&#8221; title_font_size=&#8221;49px&#8221; content_font_size=&#8221;22px&#8221; subhead_text_align=&#8221;center&#8221; subhead_text_color=&#8221;#F0B800&#8243; subhead_font_size=&#8221;23px&#8221; background_image=&#8221;https:\/\/hotelinspiration.com\/wp-content\/uploads\/2024\/10\/DSC4973.jpg&#8221; title_text_shadow_style=&#8221;preset2&#8243; content_text_shadow_style=&#8221;preset2&#8243; subhead_text_shadow_style=&#8221;preset2&#8243; text_shadow_style=&#8221;preset2&#8243; global_colors_info=&#8221;{}&#8221;]<\/p>\n<p>&nbsp;<\/p>\n<p>&nbsp;<\/p>\n<p>[\/et_pb_fullwidth_header][et_pb_fullwidth_header title=&#8221;Tagungen und Seminare&#8221; text_orientation=&#8221;center&#8221; _builder_version=&#8221;4.27.5&#8243; _module_preset=&#8221;default&#8221; title_text_align=&#8221;center&#8221; title_font_size=&#8221;44px&#8221; content_text_align=&#8221;center&#8221; content_font_size=&#8221;22px&#8221; background_image=&#8221;https:\/\/hotelinspiration.com\/wp-content\/uploads\/2024\/10\/DSC5021.jpg&#8221; parallax=&#8221;on&#8221; hover_enabled=&#8221;0&#8243; content_text_shadow_style=&#8221;preset2&#8243; content_text_shadow_color=&#8221;#000000&#8243; text_shadow_style=&#8221;preset2&#8243; global_colors_info=&#8221;{}&#8221; subhead=&#8221;Ein ruhiger Ort, um Gedanken zu sammeln und neu inspiriert zu werden.&#8221; sticky_enabled=&#8221;0&#8243;]<\/p>\n<p>Sie finden bei uns den idealen Rahmen f\u00fcr Tagungen, Seminare, Schulungen oder Besprechungen.<\/p>\n<p>&nbsp;<\/p>\n<p>Unser Haus verf\u00fcgt \u00fcber unterschiedlich gro\u00dfe Tagungs- und Seminarr\u00e4ume, die sowohl f\u00fcr kleine als auch gro\u00dfe Gruppen geeignet sind und individuell bestuhlt werden k\u00f6nnen.<\/p>\n<p>&nbsp;<\/p>\n<p>F\u00fcr Ihre Veranstaltung bieten wir professionellen Tagungsservice und eine moderne technische Ausstattung mit Smart-TV, Beamer, Flip-Charts, Pin- und Magnetwand an.<\/p>\n<p>&nbsp;<\/p>\n<p>Auf Wunsch sorgen wir gerne f\u00fcr die Bewirtung Ihrer G\u00e4ste.<\/p>\n<p>[\/et_pb_fullwidth_header][\/et_pb_section][et_pb_section fb_built=&#8221;1&#8243; specialty=&#8221;on&#8221; _builder_version=&#8221;4.25.0&#8243; _module_preset=&#8221;default&#8221; background_image=&#8221;https:\/\/hotelinspiration.com\/wp-content\/uploads\/2024\/10\/Von-Herzen-Wilkommen.jpg&#8221; parallax=&#8221;on&#8221; global_colors_info=&#8221;{}&#8221;][et_pb_column type=&#8221;1_4&#8243; _builder_version=&#8221;4.16&#8243; custom_padding=&#8221;|||&#8221; global_colors_info=&#8221;{}&#8221; custom_padding__hover=&#8221;|||&#8221;][et_pb_image src=&#8221;https:\/\/hotelinspiration.com\/wp-content\/uploads\/2024\/10\/Hotel-Insp-Logo-tan-background.jpg&#8221; title_text=&#8221;Hotel Insp Logo tan background&#8221; _builder_version=&#8221;4.25.0&#8243; _module_preset=&#8221;default&#8221; box_shadow_style=&#8221;preset6&#8243; box_shadow_color=&#8221;#E09900&#8243; global_colors_info=&#8221;{}&#8221;][\/et_pb_image][\/et_pb_column][et_pb_column type=&#8221;1_2&#8243; specialty_columns=&#8221;2&#8243; _builder_version=&#8221;4.16&#8243; custom_padding=&#8221;|||&#8221; global_colors_info=&#8221;{}&#8221; custom_padding__hover=&#8221;|||&#8221;][et_pb_row_inner _builder_version=&#8221;4.25.0&#8243; _module_preset=&#8221;default&#8221; global_colors_info=&#8221;{}&#8221;][et_pb_column_inner saved_specialty_column_type=&#8221;1_2&#8243; _builder_version=&#8221;4.25.0&#8243; _module_preset=&#8221;default&#8221; global_colors_info=&#8221;{}&#8221;][et_pb_image src=&#8221;https:\/\/hotelinspiration.com\/wp-content\/uploads\/2024\/10\/DSC4973.jpg&#8221; title_text=&#8221;_DSC4973&#8243; align=&#8221;center&#8221; _builder_version=&#8221;4.25.0&#8243; _module_preset=&#8221;default&#8221; global_colors_info=&#8221;{}&#8221;][\/et_pb_image][et_pb_text _builder_version=&#8221;4.27.5&#8243; _module_preset=&#8221;default&#8221; global_colors_info=&#8221;{}&#8221;]<\/p>\n<p>&nbsp;<\/p>\n<p>&nbsp;<\/p>\n<p>[\/et_pb_text][\/et_pb_column_inner][\/et_pb_row_inner][\/et_pb_column][et_pb_column type=&#8221;1_4&#8243; _builder_version=&#8221;4.16&#8243; custom_padding=&#8221;|||&#8221; global_colors_info=&#8221;{}&#8221; custom_padding__hover=&#8221;|||&#8221;][et_pb_image src=&#8221;https:\/\/hotelinspiration.com\/wp-content\/uploads\/2024\/10\/Hotel-Insp-Logo-tan-background.jpg&#8221; title_text=&#8221;Hotel Insp Logo tan background&#8221; _builder_version=&#8221;4.25.0&#8243; _module_preset=&#8221;default&#8221; box_shadow_style=&#8221;preset6&#8243; box_shadow_color=&#8221;#E09900&#8243; global_colors_info=&#8221;{}&#8221;][\/et_pb_image][\/et_pb_column][\/et_pb_section][et_pb_section fb_built=&#8221;1&#8243; _builder_version=&#8221;4.25.0&#8243; _module_preset=&#8221;default&#8221; background_image=&#8221;https:\/\/hotelinspiration.com\/wp-content\/uploads\/2024\/10\/Tan-Art-by-logo.jpg&#8221; global_colors_info=&#8221;{}&#8221;][et_pb_row column_structure=&#8221;1_2,1_2&#8243; _builder_version=&#8221;4.25.0&#8243; _module_preset=&#8221;default&#8221; global_colors_info=&#8221;{}&#8221;][et_pb_column type=&#8221;1_2&#8243; _builder_version=&#8221;4.25.0&#8243; _module_preset=&#8221;default&#8221; global_colors_info=&#8221;{}&#8221;][et_pb_image src=&#8221;https:\/\/hotelinspiration.com\/wp-content\/uploads\/2024\/10\/DRSE6924-1.jpg&#8221; title_text=&#8221;DRSE6924&#8243; _builder_version=&#8221;4.25.0&#8243; _module_preset=&#8221;default&#8221; global_colors_info=&#8221;{}&#8221;][\/et_pb_image][\/et_pb_column][et_pb_column type=&#8221;1_2&#8243; _builder_version=&#8221;4.25.0&#8243; _module_preset=&#8221;default&#8221; global_colors_info=&#8221;{}&#8221;][et_pb_image src=&#8221;https:\/\/hotelinspiration.com\/wp-content\/uploads\/2024\/10\/UXNO1710.jpg&#8221; title_text=&#8221;UXNO1710&#8243; _builder_version=&#8221;4.25.0&#8243; _module_preset=&#8221;default&#8221; global_colors_info=&#8221;{}&#8221;][\/et_pb_image][et_pb_image src=&#8221;https:\/\/hotelinspiration.com\/wp-content\/uploads\/2024\/10\/OYJK4301.jpg&#8221; title_text=&#8221;OYJK4301&#8243; _builder_version=&#8221;4.25.0&#8243; _module_preset=&#8221;default&#8221; global_colors_info=&#8221;{}&#8221;][\/et_pb_image][et_pb_image src=&#8221;https:\/\/hotelinspiration.com\/wp-content\/uploads\/2024\/10\/XLWI3729.jpg&#8221; title_text=&#8221;XLWI3729&#8243; _builder_version=&#8221;4.25.0&#8243; _module_preset=&#8221;default&#8221; global_colors_info=&#8221;{}&#8221;][\/et_pb_image][et_pb_image src=&#8221;https:\/\/hotelinspiration.com\/wp-content\/uploads\/2024\/10\/QTRK7357.jpg&#8221; title_text=&#8221;QTRK7357&#8243; _builder_version=&#8221;4.25.0&#8243; _module_preset=&#8221;default&#8221; global_colors_info=&#8221;{}&#8221;][\/et_pb_image][et_pb_image src=&#8221;https:\/\/hotelinspiration.com\/wp-content\/uploads\/2024\/10\/OWNT4959-1.jpg&#8221; title_text=&#8221;OWNT4959&#8243; _builder_version=&#8221;4.25.0&#8243; _module_preset=&#8221;default&#8221; global_colors_info=&#8221;{}&#8221;][\/et_pb_image][\/et_pb_column][\/et_pb_row][\/et_pb_section][et_pb_section fb_built=&#8221;1&#8243; _builder_version=&#8221;4.25.0&#8243; _module_preset=&#8221;default&#8221; background_enable_color=&#8221;off&#8221; background_image=&#8221;https:\/\/hotelinspiration.com\/wp-content\/uploads\/2024\/10\/DSC4853.jpg&#8221; global_colors_info=&#8221;{}&#8221;][et_pb_row _builder_version=&#8221;4.25.0&#8243; _module_preset=&#8221;default&#8221; global_colors_info=&#8221;{}&#8221;][et_pb_column type=&#8221;4_4&#8243; _builder_version=&#8221;4.25.0&#8243; _module_preset=&#8221;default&#8221; global_colors_info=&#8221;{}&#8221;][et_pb_image src=&#8221;https:\/\/hotelinspiration.com\/wp-content\/uploads\/2024\/09\/DSC4895.jpg&#8221; title_text=&#8221;_DSC4895&#8243; align=&#8221;center&#8221; _builder_version=&#8221;4.25.0&#8243; _module_preset=&#8221;default&#8221; global_colors_info=&#8221;{}&#8221;][\/et_pb_image][et_pb_image src=&#8221;https:\/\/hotelinspiration.com\/wp-content\/uploads\/2024\/10\/Von-Herzen-Wilkommen.jpg&#8221; title_text=&#8221;Von Herzen Wilkommen&#8221; align=&#8221;center&#8221; _builder_version=&#8221;4.25.0&#8243; _module_preset=&#8221;default&#8221; global_colors_info=&#8221;{}&#8221;][\/et_pb_image][\/et_pb_column][\/et_pb_row][\/et_pb_section][et_pb_section fb_built=&#8221;1&#8243; specialty=&#8221;on&#8221; _builder_version=&#8221;4.25.0&#8243; _module_preset=&#8221;default&#8221; background_image=&#8221;https:\/\/hotelinspiration.com\/wp-content\/uploads\/2024\/10\/Von-Herzen-Wilkommen.jpg&#8221; parallax=&#8221;on&#8221; global_colors_info=&#8221;{}&#8221;][et_pb_column type=&#8221;1_4&#8243; _builder_version=&#8221;4.16&#8243; custom_padding=&#8221;|||&#8221; global_colors_info=&#8221;{}&#8221; custom_padding__hover=&#8221;|||&#8221;][et_pb_image src=&#8221;https:\/\/hotelinspiration.com\/wp-content\/uploads\/2024\/10\/Hotel-Insp-Logo-tan-background.jpg&#8221; title_text=&#8221;Hotel Insp Logo tan background&#8221; _builder_version=&#8221;4.25.0&#8243; _module_preset=&#8221;default&#8221; box_shadow_style=&#8221;preset6&#8243; box_shadow_color=&#8221;#E09900&#8243; global_colors_info=&#8221;{}&#8221;][\/et_pb_image][\/et_pb_column][et_pb_column type=&#8221;1_2&#8243; specialty_columns=&#8221;2&#8243; _builder_version=&#8221;4.16&#8243; custom_padding=&#8221;|||&#8221; global_colors_info=&#8221;{}&#8221; custom_padding__hover=&#8221;|||&#8221;][et_pb_row_inner _builder_version=&#8221;4.25.0&#8243; _module_preset=&#8221;default&#8221; global_colors_info=&#8221;{}&#8221;][et_pb_column_inner saved_specialty_column_type=&#8221;1_2&#8243; _builder_version=&#8221;4.25.0&#8243; _module_preset=&#8221;default&#8221; global_colors_info=&#8221;{}&#8221;][et_pb_image src=&#8221;https:\/\/hotelinspiration.com\/wp-content\/uploads\/2024\/10\/DSC4978.jpg&#8221; title_text=&#8221;_DSC4978&#8243; align=&#8221;center&#8221; _builder_version=&#8221;4.25.0&#8243; _module_preset=&#8221;default&#8221; global_colors_info=&#8221;{}&#8221;][\/et_pb_image][\/et_pb_column_inner][\/et_pb_row_inner][\/et_pb_column][et_pb_column type=&#8221;1_4&#8243; _builder_version=&#8221;4.16&#8243; custom_padding=&#8221;|||&#8221; global_colors_info=&#8221;{}&#8221; custom_padding__hover=&#8221;|||&#8221;][et_pb_image src=&#8221;https:\/\/hotelinspiration.com\/wp-content\/uploads\/2024\/10\/Hotel-Insp-Logo-tan-background.jpg&#8221; title_text=&#8221;Hotel Insp Logo tan background&#8221; _builder_version=&#8221;4.25.0&#8243; _module_preset=&#8221;default&#8221; box_shadow_style=&#8221;preset6&#8243; box_shadow_color=&#8221;#E09900&#8243; global_colors_info=&#8221;{}&#8221;][\/et_pb_image][\/et_pb_column][\/et_pb_section]<\/p>\n","protected":false},"excerpt":{"rendered":"<p>&nbsp; &nbsp;Sie finden bei uns den idealen Rahmen f\u00fcr Tagungen, Seminare, Schulungen oder Besprechungen. &nbsp; Unser Haus verf\u00fcgt \u00fcber unterschiedlich gro\u00dfe Tagungs- und Seminarr\u00e4ume, die sowohl f\u00fcr kleine als auch gro\u00dfe Gruppen geeignet sind und individuell bestuhlt werden k\u00f6nnen. &nbsp; F\u00fcr Ihre Veranstaltung bieten wir professionellen Tagungsservice und eine moderne technische Ausstattung mit Smart-TV, Beamer, [&hellip;]<\/p>\n","protected":false},"author":1,"featured_media":0,"parent":0,"menu_order":0,"comment_status":"closed","ping_status":"closed","template":"","meta":{"_et_pb_use_builder":"on","_et_pb_old_content":"","_et_gb_content_width":"","footnotes":""},"class_list":["post-645","page","type-page","status-publish","hentry"],"_links":{"self":[{"href":"https:\/\/hotelinspiration.com\/index.php?rest_route=\/wp\/v2\/pages\/645","targetHints":{"allow":["GET"]}}],"collection":[{"href":"https:\/\/hotelinspiration.com\/index.php?rest_route=\/wp\/v2\/pages"}],"about":[{"href":"https:\/\/hotelinspiration.com\/index.php?rest_route=\/wp\/v2\/types\/page"}],"author":[{"embeddable":true,"href":"https:\/\/hotelinspiration.com\/index.php?rest_route=\/wp\/v2\/users\/1"}],"replies":[{"embeddable":true,"href":"https:\/\/hotelinspiration.com\/index.php?rest_route=%2Fwp%2Fv2%2Fcomments&post=645"}],"version-history":[{"count":19,"href":"https:\/\/hotelinspiration.com\/index.php?rest_route=\/wp\/v2\/pages\/645\/revisions"}],"predecessor-version":[{"id":1977,"href":"https:\/\/hotelinspiration.com\/index.php?rest_route=\/wp\/v2\/pages\/645\/revisions\/1977"}],"wp:attachment":[{"href":"https:\/\/hotelinspiration.com\/index.php?rest_route=%2Fwp%2Fv2%2Fmedia&parent=645"}],"curies":[{"name":"wp","href":"https:\/\/api.w.org\/{rel}","templated":true}]}}