{"id":870,"date":"2024-10-06T14:30:16","date_gmt":"2024-10-06T14:30:16","guid":{"rendered":"https:\/\/hotelinspiration.com\/?page_id=870"},"modified":"2026-02-02T14:08:46","modified_gmt":"2026-02-02T14:08:46","slug":"fruhstuck","status":"publish","type":"page","link":"https:\/\/hotelinspiration.com\/?page_id=870","title":{"rendered":"Fr\u00fchst\u00fcck"},"content":{"rendered":"<p>[et_pb_section fb_built=&#8221;1&#8243; _builder_version=&#8221;4.25.0&#8243; _module_preset=&#8221;default&#8221; background_image=&#8221;https:\/\/hotelinspiration.com\/wp-content\/uploads\/2024\/10\/DSC5421.jpg&#8221; global_colors_info=&#8221;{}&#8221;][et_pb_row _builder_version=&#8221;4.25.0&#8243; _module_preset=&#8221;default&#8221; global_colors_info=&#8221;{}&#8221;][et_pb_column type=&#8221;4_4&#8243; _builder_version=&#8221;4.25.0&#8243; _module_preset=&#8221;default&#8221; global_colors_info=&#8221;{}&#8221;][et_pb_image src=&#8221;https:\/\/hotelinspiration.com\/wp-content\/uploads\/2024\/10\/logo-transparent-N.png&#8221; title_text=&#8221;logo-transparent N&#8221; align=&#8221;center&#8221; _builder_version=&#8221;4.25.0&#8243; _module_preset=&#8221;default&#8221; global_colors_info=&#8221;{}&#8221;][\/et_pb_image][\/et_pb_column][\/et_pb_row][\/et_pb_section][et_pb_section fb_built=&#8221;1&#8243; fullwidth=&#8221;on&#8221; _builder_version=&#8221;4.25.0&#8243; _module_preset=&#8221;default&#8221; global_colors_info=&#8221;{}&#8221;][et_pb_fullwidth_header title=&#8221;Fr\u00fchst\u00fcck&#8221; text_orientation=&#8221;center&#8221; _builder_version=&#8221;4.25.0&#8243; _module_preset=&#8221;default&#8221; title_text_color=&#8221;#F0B800&#8243; title_font_size=&#8221;100px&#8221; background_image=&#8221;https:\/\/hotelinspiration.com\/wp-content\/uploads\/2024\/09\/DSC5314.jpg&#8221; parallax=&#8221;on&#8221; title_text_shadow_style=&#8221;preset2&#8243; global_colors_info=&#8221;{}&#8221;][\/et_pb_fullwidth_header][et_pb_fullwidth_header title=&#8221;Business-Hotel in S\u00fcdostbayern&#8221; subhead=&#8221;Von Herzen willkommen!&#8221; text_orientation=&#8221;center&#8221; logo_image_url=&#8221;https:\/\/hotelinspiration.com\/wp-content\/uploads\/2024\/10\/Hote-Inspiration-logo.gif&#8221; _builder_version=&#8221;4.27.5&#8243; _module_preset=&#8221;default&#8221; title_level=&#8221;h2&#8243; title_text_color=&#8221;#FFFFFF&#8221; title_font_size=&#8221;49px&#8221; content_font_size=&#8221;22px&#8221; subhead_text_align=&#8221;center&#8221; subhead_text_color=&#8221;#F0B800&#8243; subhead_font_size=&#8221;23px&#8221; background_image=&#8221;https:\/\/hotelinspiration.com\/wp-content\/uploads\/2024\/10\/DSC5016.jpg&#8221; hover_enabled=&#8221;0&#8243; title_text_shadow_style=&#8221;preset2&#8243; content_text_shadow_style=&#8221;preset2&#8243; subhead_text_shadow_style=&#8221;preset2&#8243; text_shadow_style=&#8221;preset2&#8243; global_colors_info=&#8221;{}&#8221; sticky_enabled=&#8221;0&#8243;][\/et_pb_fullwidth_header][et_pb_fullwidth_header text_orientation=&#8221;center&#8221; _builder_version=&#8221;4.27.5&#8243; _module_preset=&#8221;default&#8221; title_text_align=&#8221;center&#8221; title_font_size=&#8221;44px&#8221; content_text_align=&#8221;center&#8221; content_font_size=&#8221;22px&#8221; background_image=&#8221;https:\/\/hotelinspiration.com\/wp-content\/uploads\/2024\/10\/DSC5011-1.jpg&#8221; parallax=&#8221;on&#8221; hover_enabled=&#8221;0&#8243; content_text_shadow_style=&#8221;preset2&#8243; content_text_shadow_color=&#8221;#000000&#8243; text_shadow_style=&#8221;preset2&#8243; global_colors_info=&#8221;{}&#8221; sticky_enabled=&#8221;0&#8243; title=&#8221;Starten Sie mit Genuss in den Tag.&#8221;]<\/p>\n<p>Die Natur hat viele gute Seiten und die besten davon finden Sie auf unserem reichhaltigen Fr\u00fchst\u00fccksbuffet. Duftendes, frisches Geb\u00e4ck und die Fr\u00fcchte der Saison spenden Energie.<\/p>\n<p>&nbsp;<\/p>\n<p>Ob Cappuccino, Espresso, Latte Macchiato oder Cafe Crema &#8211; Ihren Koffein-Kick k\u00f6nnen Sie sich selbst an unserem Kaffeevollautomaten holen.<\/p>\n<p>&nbsp;<\/p>\n<p>F\u00fcr das deftige Fr\u00fchst\u00fcck bieten wir verschiedenste frische Wurst- und Schinkensorten der Metzgerei Spitzauer in Leobendorf an. M\u00f6gen Sie lieber K\u00e4se, probieren Sie unser K\u00e4sesortiment von Bergader K\u00e4setheke &amp; Kulinarium in Waging am See.<\/p>\n<p>&nbsp;<\/p>\n<p>Eine gro\u00dfe Auswahl an M\u00fcslis, Joghurt, S\u00e4fte, Honig und auch selbstgekochte Marmelade rundet unser Angebot ab.<\/p>\n<p>&nbsp;<\/p>\n<p>Genie\u00dfen Sie den Morgen in netter Umgebung und ansprechendem Ambiente.<\/p>\n<p>[\/et_pb_fullwidth_header][\/et_pb_section][et_pb_section fb_built=&#8221;1&#8243; specialty=&#8221;on&#8221; _builder_version=&#8221;4.25.0&#8243; _module_preset=&#8221;default&#8221; background_image=&#8221;https:\/\/hotelinspiration.com\/wp-content\/uploads\/2024\/10\/Von-Herzen-Wilkommen.jpg&#8221; parallax=&#8221;on&#8221; global_colors_info=&#8221;{}&#8221; custom_padding=&#8221;||0px|||&#8221; min_height=&#8221;1260.7px&#8221;][et_pb_column type=&#8221;1_4&#8243; _builder_version=&#8221;4.16&#8243; custom_padding=&#8221;|||&#8221; global_colors_info=&#8221;{}&#8221; custom_padding__hover=&#8221;|||&#8221;][et_pb_image src=&#8221;https:\/\/hotelinspiration.com\/wp-content\/uploads\/2024\/10\/Hotel-Insp-Logo-tan-background.jpg&#8221; title_text=&#8221;Hotel Insp Logo tan background&#8221; _builder_version=&#8221;4.25.0&#8243; _module_preset=&#8221;default&#8221; box_shadow_style=&#8221;preset6&#8243; box_shadow_color=&#8221;#E09900&#8243; global_colors_info=&#8221;{}&#8221;][\/et_pb_image][\/et_pb_column][et_pb_column type=&#8221;1_2&#8243; specialty_columns=&#8221;2&#8243; _builder_version=&#8221;4.16&#8243; custom_padding=&#8221;|||&#8221; global_colors_info=&#8221;{}&#8221; custom_padding__hover=&#8221;|||&#8221;][et_pb_row_inner _builder_version=&#8221;4.25.0&#8243; _module_preset=&#8221;default&#8221; global_colors_info=&#8221;{}&#8221;][et_pb_column_inner saved_specialty_column_type=&#8221;1_2&#8243; _builder_version=&#8221;4.25.0&#8243; _module_preset=&#8221;default&#8221; global_colors_info=&#8221;{}&#8221;][et_pb_image src=&#8221;https:\/\/hotelinspiration.com\/wp-content\/uploads\/2024\/10\/DSC5420-1.jpg&#8221; title_text=&#8221;_DSC5420&#8243; align=&#8221;center&#8221; _builder_version=&#8221;4.25.0&#8243; _module_preset=&#8221;default&#8221; global_colors_info=&#8221;{}&#8221;][\/et_pb_image][et_pb_image src=&#8221;https:\/\/hotelinspiration.com\/wp-content\/uploads\/2024\/05\/Kert-Glaudia_HotelInspiration.jpg&#8221; title_text=&#8221;Kert-Glaudia_HotelInspiration&#8221; align=&#8221;center&#8221; _builder_version=&#8221;4.25.0&#8243; _module_preset=&#8221;default&#8221; hover_enabled=&#8221;0&#8243; global_colors_info=&#8221;{}&#8221; sticky_enabled=&#8221;0&#8243;][\/et_pb_image][et_pb_image src=&#8221;https:\/\/hotelinspiration.com\/wp-content\/uploads\/2024\/10\/Von-Herzen-Wilkommen.jpg&#8221; title_text=&#8221;Von Herzen Wilkommen&#8221; align=&#8221;center&#8221; _builder_version=&#8221;4.25.0&#8243; _module_preset=&#8221;default&#8221; hover_enabled=&#8221;0&#8243; global_colors_info=&#8221;{}&#8221; sticky_enabled=&#8221;0&#8243;][\/et_pb_image][\/et_pb_column_inner][\/et_pb_row_inner][\/et_pb_column][et_pb_column type=&#8221;1_4&#8243; _builder_version=&#8221;4.16&#8243; custom_padding=&#8221;|||&#8221; global_colors_info=&#8221;{}&#8221; custom_padding__hover=&#8221;|||&#8221;][et_pb_image src=&#8221;https:\/\/hotelinspiration.com\/wp-content\/uploads\/2024\/10\/Hotel-Inspiration-Karte-and-Night-Time.jpg&#8221; title_text=&#8221;Hotel Inspiration Karte and Night Time&#8221; align=&#8221;center&#8221; _builder_version=&#8221;4.25.0&#8243; _module_preset=&#8221;default&#8221; box_shadow_style=&#8221;preset6&#8243; box_shadow_color=&#8221;#E09900&#8243; global_colors_info=&#8221;{}&#8221;][\/et_pb_image][et_pb_image src=&#8221;https:\/\/hotelinspiration.com\/wp-content\/uploads\/2024\/09\/DSC4765-1.jpg&#8221; title_text=&#8221;_DSC4765&#8243; align=&#8221;center&#8221; _builder_version=&#8221;4.25.0&#8243; _module_preset=&#8221;default&#8221; box_shadow_style=&#8221;preset6&#8243; box_shadow_color=&#8221;#E09900&#8243; global_colors_info=&#8221;{}&#8221;][\/et_pb_image][\/et_pb_column][\/et_pb_section]<\/p>\n","protected":false},"excerpt":{"rendered":"<p>Die Natur hat viele gute Seiten und die besten davon finden Sie auf unserem reichhaltigen Fr\u00fchst\u00fccksbuffet. Duftendes, frisches Geb\u00e4ck und die Fr\u00fcchte der Saison spenden Energie. &nbsp; Ob Cappuccino, Espresso, Latte Macchiato oder Cafe Crema &#8211; Ihren Koffein-Kick k\u00f6nnen Sie sich selbst an unserem Kaffeevollautomaten holen. &nbsp; F\u00fcr das deftige Fr\u00fchst\u00fcck bieten wir verschiedenste frische [&hellip;]<\/p>\n","protected":false},"author":1,"featured_media":0,"parent":0,"menu_order":0,"comment_status":"closed","ping_status":"closed","template":"","meta":{"_et_pb_use_builder":"on","_et_pb_old_content":"","_et_gb_content_width":"","footnotes":""},"class_list":["post-870","page","type-page","status-publish","hentry"],"_links":{"self":[{"href":"https:\/\/hotelinspiration.com\/index.php?rest_route=\/wp\/v2\/pages\/870","targetHints":{"allow":["GET"]}}],"collection":[{"href":"https:\/\/hotelinspiration.com\/index.php?rest_route=\/wp\/v2\/pages"}],"about":[{"href":"https:\/\/hotelinspiration.com\/index.php?rest_route=\/wp\/v2\/types\/page"}],"author":[{"embeddable":true,"href":"https:\/\/hotelinspiration.com\/index.php?rest_route=\/wp\/v2\/users\/1"}],"replies":[{"embeddable":true,"href":"https:\/\/hotelinspiration.com\/index.php?rest_route=%2Fwp%2Fv2%2Fcomments&post=870"}],"version-history":[{"count":13,"href":"https:\/\/hotelinspiration.com\/index.php?rest_route=\/wp\/v2\/pages\/870\/revisions"}],"predecessor-version":[{"id":1971,"href":"https:\/\/hotelinspiration.com\/index.php?rest_route=\/wp\/v2\/pages\/870\/revisions\/1971"}],"wp:attachment":[{"href":"https:\/\/hotelinspiration.com\/index.php?rest_route=%2Fwp%2Fv2%2Fmedia&parent=870"}],"curies":[{"name":"wp","href":"https:\/\/api.w.org\/{rel}","templated":true}]}}